{"id":103,"date":"2026-02-19T15:06:04","date_gmt":"2026-02-19T15:06:04","guid":{"rendered":"http:\/\/trailpompertuzat.com\/?page_id=103"},"modified":"2026-03-18T09:44:50","modified_gmt":"2026-03-18T09:44:50","slug":"palmares","status":"publish","type":"page","link":"https:\/\/trailpompertuzat.com\/?page_id=103","title":{"rendered":"Palmar\u00e8s"},"content":{"rendered":"\n<h2 class=\"wp-block-heading\">2025 \u2013 Challenge du Souvenir et de la Paix<\/h2>\n\n\n\n<h3 class=\"wp-block-heading\">Trail de la tour &#8211; 21 km<\/h3>\n\n\n\n<p>HOMMES<\/p>\n\n\n\n<ul class=\"wp-block-list\">\n<li>1\/ IRAGNE ANTHONIN \u2013 <strong>1:23:33<\/strong><\/li>\n\n\n\n<li>2\/ MARTY FLORIAN \u2013 <strong>1:27:49<\/strong><\/li>\n\n\n\n<li>3\/ FONQUERNE CEDRIC \u2013 <strong>1:28:58<\/strong><\/li>\n<\/ul>\n\n\n\n<p>FEMMES<\/p>\n\n\n\n<ul class=\"wp-block-list\">\n<li>1\/ VAN DE STEENE MARION \u2013 <strong><strong>1:45:45<\/strong><\/strong><\/li>\n\n\n\n<li>2\/ BURDIN BRITTANY \u2013 <strong><strong>1:58:57<\/strong><\/strong><\/li>\n\n\n\n<li>3\/ PIVOTTO STEPHANIE \u2013 <strong>0:50:14<\/strong><\/li>\n<\/ul>\n\n\n\n<p><\/p>\n\n\n\n<h3 class=\"wp-block-heading\">Trail <strong>du 8 mai 45<\/strong> &#8211; 10,4 km<\/h3>\n\n\n\n<p>HOMMES<\/p>\n\n\n\n<ul class=\"wp-block-list\">\n<li>1\/ JONATHAN COUFOURIER \u2013 <strong>0:37:12<\/strong><\/li>\n\n\n\n<li>2\/ GIREN MALO \u2013 <strong>0:40:05<\/strong><\/li>\n\n\n\n<li>3\/ DELDOSSI SILVIO \u2013 <strong>0:40:37<\/strong><\/li>\n<\/ul>\n\n\n\n<p>FEMMES<\/p>\n\n\n\n<ul class=\"wp-block-list\">\n<li>1\/ CHAUSSE LOU-ANN \u2013 <strong>0:47:26<\/strong><\/li>\n\n\n\n<li>2\/ DELL&rsquo;INNOCENTI ALINE \u2013 <strong>0:47:39<\/strong><\/li>\n\n\n\n<li>3\/ RAMON GERALDINE \u2013 <strong>0:50:14<\/strong><\/li>\n<\/ul>\n\n\n\n<p><\/p>\n\n\n\n<hr class=\"wp-block-separator has-alpha-channel-opacity\"\/>\n\n\n\n<h2 class=\"wp-block-heading\">2024 \u2013 Challenge du Souvenir et de la Paix<\/h2>\n\n\n\n<h3 class=\"wp-block-heading\">Trail de la tour &#8211; 21 km<\/h3>\n\n\n\n<p>HOMMES<\/p>\n\n\n\n<ul class=\"wp-block-list\">\n<li>1\/ GINESTET UGO \u2013 <strong>1:36:21<\/strong><\/li>\n\n\n\n<li>2\/ ALMOND DAVID \u2013 <strong>1:37:27<\/strong><\/li>\n\n\n\n<li>3\/ GUIRAUD JULIEN \u2013 <strong>1:37:50<\/strong><\/li>\n<\/ul>\n\n\n\n<p>FEMMES<\/p>\n\n\n\n<ul class=\"wp-block-list\">\n<li>1\/ MICHON MARIE \u2013 <strong>1:52:44<\/strong><\/li>\n\n\n\n<li>2\/ BOUDRY INGRID \u2013 <strong>2:05:42<\/strong><\/li>\n\n\n\n<li>3\/ GRONDIN FANNY \u2013 <strong>2:12:49<\/strong><\/li>\n<\/ul>\n\n\n\n<p><\/p>\n\n\n\n<h3 class=\"wp-block-heading\">Trail <strong>du 8 mai 45<\/strong> &#8211; 10,4 km<\/h3>\n\n\n\n<p>HOMMES<\/p>\n\n\n\n<ul class=\"wp-block-list\">\n<li>1\/ LE HIR NICOLAS \u2013 <strong>0:43:16<\/strong><\/li>\n\n\n\n<li>2\/ LOPEZ LORIS \u2013 <strong>0:43:52<\/strong><\/li>\n\n\n\n<li>3\/ SOULERE PIERRICK \u2013 <strong>0:44:37<\/strong><\/li>\n<\/ul>\n\n\n\n<p>FEMMES<\/p>\n\n\n\n<ul class=\"wp-block-list\">\n<li>1\/ DELL&rsquo;INNOCENTI ALINE \u2013 <strong>0:49:58<\/strong><\/li>\n\n\n\n<li>2\/ LEGRAND L\u00c9NA \u2013 <strong>0:52:50<\/strong><\/li>\n\n\n\n<li>3\/ LEGRAND CAROLE \u2013 <strong>0:53:16<\/strong><\/li>\n<\/ul>\n\n\n\n<p><\/p>\n\n\n\n<hr class=\"wp-block-separator has-alpha-channel-opacity\"\/>\n\n\n\n<h2 class=\"wp-block-heading\">2023 \u2013 Challenge du Souvenir et de la Paix<\/h2>\n\n\n\n<h3 class=\"wp-block-heading\">Trail de la tour &#8211; 21 km<\/h3>\n\n\n\n<p>HOMMES<\/p>\n\n\n\n<ul class=\"wp-block-list\">\n<li>1\/ BAZIN CL\u00c9MENT \u2013 <strong>1:29:00<\/strong><\/li>\n\n\n\n<li>2\/ DUBRANA GAUTHIER \u2013 <strong>1:30:03<\/strong><\/li>\n\n\n\n<li>3\/ GUIRAUD JULIEN \u2013 <strong>1:35:31<\/strong><\/li>\n<\/ul>\n\n\n\n<p>FEMMES<\/p>\n\n\n\n<ul class=\"wp-block-list\">\n<li>1\/ GILLE LISON \u2013 <strong>2:01:51<\/strong><\/li>\n\n\n\n<li>2\/ NODE-LANGLOIS ANNE SOPHIE \u2013 <strong>2:10:40<\/strong><\/li>\n\n\n\n<li>3\/ GRONDIN FANNY \u2013 <strong>2:12:24<\/strong><\/li>\n<\/ul>\n\n\n\n<p><\/p>\n\n\n\n<h3 class=\"wp-block-heading\">Trail <strong>du 8 mai 45<\/strong> &#8211; 10,4 km<\/h3>\n\n\n\n<p>HOMMES<\/p>\n\n\n\n<ul class=\"wp-block-list\">\n<li>1\/ LEBEAU HADRIEN \u2013 <strong>0:42:53<\/strong><\/li>\n\n\n\n<li>2\/ LE HIR NICOLAS \u2013 <strong>0:43:19<\/strong><\/li>\n\n\n\n<li>3\/ SOULERE PIERRICK \u2013 <strong>0:44:23<\/strong><\/li>\n<\/ul>\n\n\n\n<p>FEMMES<\/p>\n\n\n\n<ul class=\"wp-block-list\">\n<li>1\/ MICHON MARIE \u2013 <strong>0:51:50<\/strong><\/li>\n\n\n\n<li>2\/ LE HIR EMILIE \u2013 <strong>0:53:00<\/strong><\/li>\n\n\n\n<li>3\/ DANJOU SANDY \u2013 <strong>0:54:18<\/strong><\/li>\n<\/ul>\n\n\n\n<p><\/p>\n\n\n\n<hr class=\"wp-block-separator has-alpha-channel-opacity\"\/>\n\n\n\n<h2 class=\"wp-block-heading\">2022 \u2013 Challenge du Souvenir et de la Paix<\/h2>\n\n\n\n<h3 class=\"wp-block-heading\">Trail de la tour &#8211; 21 km<\/h3>\n\n\n\n<p>HOMMES<\/p>\n\n\n\n<ul class=\"wp-block-list\">\n<li>1\/ RIVALS ERIC \u2013 <strong><strong>1:27:22<\/strong><\/strong><\/li>\n\n\n\n<li>1\/ DEBRAY SYLVAIN \u2013 <strong><strong>1:27:22<\/strong><\/strong><\/li>\n\n\n\n<li>3\/ BERNOU J\u00c9R\u00d4ME \u2013 <strong><strong>1:29:07<\/strong><\/strong><\/li>\n<\/ul>\n\n\n\n<p>FEMMES<\/p>\n\n\n\n<ul class=\"wp-block-list\">\n<li>1\/ LEGRAND CAROLE \u2013 <strong><strong>1:50:51<\/strong><\/strong><\/li>\n\n\n\n<li>2\/ DE GRACIA NADEGE \u2013 <strong><strong>1:59:53<\/strong><\/strong><\/li>\n\n\n\n<li>3\/ CHARRIER H\u00c9L\u00c8NE \u2013 <strong><strong>2:01:41<\/strong><\/strong><\/li>\n<\/ul>\n\n\n\n<p><\/p>\n\n\n\n<h3 class=\"wp-block-heading\">Trail <strong>du 8 mai 45<\/strong> &#8211; 10,4 km<\/h3>\n\n\n\n<p>HOMMES<\/p>\n\n\n\n<ul class=\"wp-block-list\">\n<li>1\/ CHIROSSEL VINCENT \u2013 <strong><strong>0:40:17<\/strong><\/strong><\/li>\n\n\n\n<li>2\/ LE HIR NICOLAS \u2013 <strong>0:42:29<\/strong><\/li>\n\n\n\n<li>3\/ GIRABANCAS YOHANN \u2013 <strong><strong>0:43:06<\/strong><\/strong><\/li>\n<\/ul>\n\n\n\n<p>FEMMES<\/p>\n\n\n\n<ul class=\"wp-block-list\">\n<li>1\/ LE HIR EMILIE \u2013 <strong><strong>0:51:46<\/strong><\/strong><\/li>\n\n\n\n<li>2\/ DELL&rsquo;INNOCENTI ALINE \u2013 <strong><strong>0:54:07<\/strong><\/strong><\/li>\n\n\n\n<li>3\/ PASTOR BRIGITTE \u2013 <strong><strong>0:56:51<\/strong><\/strong><\/li>\n<\/ul>\n","protected":false},"excerpt":{"rendered":"<p>2025 \u2013 Challenge du Souvenir et de la Paix Trail de la tour &#8211; 21 km HOMMES FEMMES Trail du 8 mai 45 &#8211; 10,4 km HOMMES FEMMES 2024 \u2013 Challenge du Souvenir et de la Paix Trail de la tour &#8211; 21 km HOMMES FEMMES Trail du 8 mai 45 &#8211; 10,4 km HOMMES [&hellip;]<\/p>\n","protected":false},"author":1,"featured_media":15,"parent":0,"menu_order":0,"comment_status":"closed","ping_status":"closed","template":"","meta":{"footnotes":""},"class_list":["post-103","page","type-page","status-publish","has-post-thumbnail","hentry"],"yoast_head":"<!-- This site is optimized with the Yoast SEO plugin v27.3 - https:\/\/yoast.com\/product\/yoast-seo-wordpress\/ -->\n<title>Palmar\u00e8s | Challenge du Souvenir et de la Paix<\/title>\n<meta name=\"description\" content=\"D\u00e9couvrez le palmar\u00e8s du Challenge du Souvenir et de la Paix \u00e0 Pompertuzat : classements, podiums et r\u00e9sultats des \u00e9ditions pr\u00e9c\u00e9dentes.\" \/>\n<meta name=\"robots\" content=\"index, follow, max-snippet:-1, max-image-preview:large, max-video-preview:-1\" \/>\n<link rel=\"canonical\" href=\"https:\/\/trailpompertuzat.com\/?page_id=103\" \/>\n<meta property=\"og:locale\" content=\"fr_FR\" \/>\n<meta property=\"og:type\" content=\"article\" \/>\n<meta property=\"og:title\" content=\"Palmar\u00e8s | Challenge du Souvenir et de la Paix\" \/>\n<meta property=\"og:description\" content=\"D\u00e9couvrez le palmar\u00e8s du Challenge du Souvenir et de la Paix \u00e0 Pompertuzat : classements, podiums et r\u00e9sultats des \u00e9ditions pr\u00e9c\u00e9dentes.\" \/>\n<meta property=\"og:url\" content=\"https:\/\/trailpompertuzat.com\/?page_id=103\" \/>\n<meta property=\"og:site_name\" content=\"Challenge du souvenir et de la paix Pompertuzat\" \/>\n<meta property=\"article:publisher\" content=\"https:\/\/www.facebook.com\/groups\/2946963695611988\/\" \/>\n<meta property=\"article:modified_time\" content=\"2026-03-18T09:44:50+00:00\" \/>\n<meta property=\"og:image\" content=\"https:\/\/trailpompertuzat.com\/wp-content\/uploads\/2026\/02\/509425500_10162848573739636_312606306581076842_n.jpg\" \/>\n\t<meta property=\"og:image:width\" content=\"1000\" \/>\n\t<meta property=\"og:image:height\" content=\"666\" \/>\n\t<meta property=\"og:image:type\" content=\"image\/jpeg\" \/>\n<meta name=\"twitter:card\" content=\"summary_large_image\" \/>\n<meta name=\"twitter:label1\" content=\"Dur\u00e9e de lecture estim\u00e9e\" \/>\n\t<meta name=\"twitter:data1\" content=\"2 minutes\" \/>\n<script type=\"application\/ld+json\" class=\"yoast-schema-graph\">{\"@context\":\"https:\\\/\\\/schema.org\",\"@graph\":[{\"@type\":\"WebPage\",\"@id\":\"https:\\\/\\\/trailpompertuzat.com\\\/?page_id=103\",\"url\":\"https:\\\/\\\/trailpompertuzat.com\\\/?page_id=103\",\"name\":\"Palmar\u00e8s | Challenge du Souvenir et de la Paix\",\"isPartOf\":{\"@id\":\"https:\\\/\\\/trailpompertuzat.com\\\/#website\"},\"primaryImageOfPage\":{\"@id\":\"https:\\\/\\\/trailpompertuzat.com\\\/?page_id=103#primaryimage\"},\"image\":{\"@id\":\"https:\\\/\\\/trailpompertuzat.com\\\/?page_id=103#primaryimage\"},\"thumbnailUrl\":\"https:\\\/\\\/trailpompertuzat.com\\\/wp-content\\\/uploads\\\/2026\\\/02\\\/509425500_10162848573739636_312606306581076842_n.jpg\",\"datePublished\":\"2026-02-19T15:06:04+00:00\",\"dateModified\":\"2026-03-18T09:44:50+00:00\",\"description\":\"D\u00e9couvrez le palmar\u00e8s du Challenge du Souvenir et de la Paix \u00e0 Pompertuzat : classements, podiums et r\u00e9sultats des \u00e9ditions pr\u00e9c\u00e9dentes.\",\"breadcrumb\":{\"@id\":\"https:\\\/\\\/trailpompertuzat.com\\\/?page_id=103#breadcrumb\"},\"inLanguage\":\"fr-FR\",\"potentialAction\":[{\"@type\":\"ReadAction\",\"target\":[\"https:\\\/\\\/trailpompertuzat.com\\\/?page_id=103\"]}]},{\"@type\":\"ImageObject\",\"inLanguage\":\"fr-FR\",\"@id\":\"https:\\\/\\\/trailpompertuzat.com\\\/?page_id=103#primaryimage\",\"url\":\"https:\\\/\\\/trailpompertuzat.com\\\/wp-content\\\/uploads\\\/2026\\\/02\\\/509425500_10162848573739636_312606306581076842_n.jpg\",\"contentUrl\":\"https:\\\/\\\/trailpompertuzat.com\\\/wp-content\\\/uploads\\\/2026\\\/02\\\/509425500_10162848573739636_312606306581076842_n.jpg\",\"width\":1000,\"height\":666},{\"@type\":\"BreadcrumbList\",\"@id\":\"https:\\\/\\\/trailpompertuzat.com\\\/?page_id=103#breadcrumb\",\"itemListElement\":[{\"@type\":\"ListItem\",\"position\":1,\"name\":\"Accueil\",\"item\":\"https:\\\/\\\/trailpompertuzat.com\\\/\"},{\"@type\":\"ListItem\",\"position\":2,\"name\":\"Palmar\u00e8s\"}]},{\"@type\":\"WebSite\",\"@id\":\"https:\\\/\\\/trailpompertuzat.com\\\/#website\",\"url\":\"https:\\\/\\\/trailpompertuzat.com\\\/\",\"name\":\"Challenge du souvenir et de la paix - Trail de Pompertuzat\",\"description\":\"Trail de Pompertuzat\",\"publisher\":{\"@id\":\"https:\\\/\\\/trailpompertuzat.com\\\/#organization\"},\"potentialAction\":[{\"@type\":\"SearchAction\",\"target\":{\"@type\":\"EntryPoint\",\"urlTemplate\":\"https:\\\/\\\/trailpompertuzat.com\\\/?s={search_term_string}\"},\"query-input\":{\"@type\":\"PropertyValueSpecification\",\"valueRequired\":true,\"valueName\":\"search_term_string\"}}],\"inLanguage\":\"fr-FR\"},{\"@type\":\"Organization\",\"@id\":\"https:\\\/\\\/trailpompertuzat.com\\\/#organization\",\"name\":\"Challenge du souvenir et de la paix Pompertuzat\",\"url\":\"https:\\\/\\\/trailpompertuzat.com\\\/\",\"logo\":{\"@type\":\"ImageObject\",\"inLanguage\":\"fr-FR\",\"@id\":\"https:\\\/\\\/trailpompertuzat.com\\\/#\\\/schema\\\/logo\\\/image\\\/\",\"url\":\"http:\\\/\\\/trailpompertuzat.com\\\/wp-content\\\/uploads\\\/2026\\\/02\\\/Logo-Challenge-du-souvenir-et-de-la-paix-fond-blanc.png\",\"contentUrl\":\"http:\\\/\\\/trailpompertuzat.com\\\/wp-content\\\/uploads\\\/2026\\\/02\\\/Logo-Challenge-du-souvenir-et-de-la-paix-fond-blanc.png\",\"width\":2000,\"height\":2000,\"caption\":\"Challenge du souvenir et de la paix Pompertuzat\"},\"image\":{\"@id\":\"https:\\\/\\\/trailpompertuzat.com\\\/#\\\/schema\\\/logo\\\/image\\\/\"},\"sameAs\":[\"https:\\\/\\\/www.facebook.com\\\/groups\\\/2946963695611988\\\/\"]}]}<\/script>\n<!-- \/ Yoast SEO plugin. -->","yoast_head_json":{"title":"Palmar\u00e8s | Challenge du Souvenir et de la Paix","description":"D\u00e9couvrez le palmar\u00e8s du Challenge du Souvenir et de la Paix \u00e0 Pompertuzat : classements, podiums et r\u00e9sultats des \u00e9ditions pr\u00e9c\u00e9dentes.","robots":{"index":"index","follow":"follow","max-snippet":"max-snippet:-1","max-image-preview":"max-image-preview:large","max-video-preview":"max-video-preview:-1"},"canonical":"https:\/\/trailpompertuzat.com\/?page_id=103","og_locale":"fr_FR","og_type":"article","og_title":"Palmar\u00e8s | Challenge du Souvenir et de la Paix","og_description":"D\u00e9couvrez le palmar\u00e8s du Challenge du Souvenir et de la Paix \u00e0 Pompertuzat : classements, podiums et r\u00e9sultats des \u00e9ditions pr\u00e9c\u00e9dentes.","og_url":"https:\/\/trailpompertuzat.com\/?page_id=103","og_site_name":"Challenge du souvenir et de la paix Pompertuzat","article_publisher":"https:\/\/www.facebook.com\/groups\/2946963695611988\/","article_modified_time":"2026-03-18T09:44:50+00:00","og_image":[{"width":1000,"height":666,"url":"https:\/\/trailpompertuzat.com\/wp-content\/uploads\/2026\/02\/509425500_10162848573739636_312606306581076842_n.jpg","type":"image\/jpeg"}],"twitter_card":"summary_large_image","twitter_misc":{"Dur\u00e9e de lecture estim\u00e9e":"2 minutes"},"schema":{"@context":"https:\/\/schema.org","@graph":[{"@type":"WebPage","@id":"https:\/\/trailpompertuzat.com\/?page_id=103","url":"https:\/\/trailpompertuzat.com\/?page_id=103","name":"Palmar\u00e8s | Challenge du Souvenir et de la Paix","isPartOf":{"@id":"https:\/\/trailpompertuzat.com\/#website"},"primaryImageOfPage":{"@id":"https:\/\/trailpompertuzat.com\/?page_id=103#primaryimage"},"image":{"@id":"https:\/\/trailpompertuzat.com\/?page_id=103#primaryimage"},"thumbnailUrl":"https:\/\/trailpompertuzat.com\/wp-content\/uploads\/2026\/02\/509425500_10162848573739636_312606306581076842_n.jpg","datePublished":"2026-02-19T15:06:04+00:00","dateModified":"2026-03-18T09:44:50+00:00","description":"D\u00e9couvrez le palmar\u00e8s du Challenge du Souvenir et de la Paix \u00e0 Pompertuzat : classements, podiums et r\u00e9sultats des \u00e9ditions pr\u00e9c\u00e9dentes.","breadcrumb":{"@id":"https:\/\/trailpompertuzat.com\/?page_id=103#breadcrumb"},"inLanguage":"fr-FR","potentialAction":[{"@type":"ReadAction","target":["https:\/\/trailpompertuzat.com\/?page_id=103"]}]},{"@type":"ImageObject","inLanguage":"fr-FR","@id":"https:\/\/trailpompertuzat.com\/?page_id=103#primaryimage","url":"https:\/\/trailpompertuzat.com\/wp-content\/uploads\/2026\/02\/509425500_10162848573739636_312606306581076842_n.jpg","contentUrl":"https:\/\/trailpompertuzat.com\/wp-content\/uploads\/2026\/02\/509425500_10162848573739636_312606306581076842_n.jpg","width":1000,"height":666},{"@type":"BreadcrumbList","@id":"https:\/\/trailpompertuzat.com\/?page_id=103#breadcrumb","itemListElement":[{"@type":"ListItem","position":1,"name":"Accueil","item":"https:\/\/trailpompertuzat.com\/"},{"@type":"ListItem","position":2,"name":"Palmar\u00e8s"}]},{"@type":"WebSite","@id":"https:\/\/trailpompertuzat.com\/#website","url":"https:\/\/trailpompertuzat.com\/","name":"Challenge du souvenir et de la paix - Trail de Pompertuzat","description":"Trail de Pompertuzat","publisher":{"@id":"https:\/\/trailpompertuzat.com\/#organization"},"potentialAction":[{"@type":"SearchAction","target":{"@type":"EntryPoint","urlTemplate":"https:\/\/trailpompertuzat.com\/?s={search_term_string}"},"query-input":{"@type":"PropertyValueSpecification","valueRequired":true,"valueName":"search_term_string"}}],"inLanguage":"fr-FR"},{"@type":"Organization","@id":"https:\/\/trailpompertuzat.com\/#organization","name":"Challenge du souvenir et de la paix Pompertuzat","url":"https:\/\/trailpompertuzat.com\/","logo":{"@type":"ImageObject","inLanguage":"fr-FR","@id":"https:\/\/trailpompertuzat.com\/#\/schema\/logo\/image\/","url":"http:\/\/trailpompertuzat.com\/wp-content\/uploads\/2026\/02\/Logo-Challenge-du-souvenir-et-de-la-paix-fond-blanc.png","contentUrl":"http:\/\/trailpompertuzat.com\/wp-content\/uploads\/2026\/02\/Logo-Challenge-du-souvenir-et-de-la-paix-fond-blanc.png","width":2000,"height":2000,"caption":"Challenge du souvenir et de la paix Pompertuzat"},"image":{"@id":"https:\/\/trailpompertuzat.com\/#\/schema\/logo\/image\/"},"sameAs":["https:\/\/www.facebook.com\/groups\/2946963695611988\/"]}]}},"_links":{"self":[{"href":"https:\/\/trailpompertuzat.com\/index.php?rest_route=\/wp\/v2\/pages\/103","targetHints":{"allow":["GET"]}}],"collection":[{"href":"https:\/\/trailpompertuzat.com\/index.php?rest_route=\/wp\/v2\/pages"}],"about":[{"href":"https:\/\/trailpompertuzat.com\/index.php?rest_route=\/wp\/v2\/types\/page"}],"author":[{"embeddable":true,"href":"https:\/\/trailpompertuzat.com\/index.php?rest_route=\/wp\/v2\/users\/1"}],"replies":[{"embeddable":true,"href":"https:\/\/trailpompertuzat.com\/index.php?rest_route=%2Fwp%2Fv2%2Fcomments&post=103"}],"version-history":[{"count":10,"href":"https:\/\/trailpompertuzat.com\/index.php?rest_route=\/wp\/v2\/pages\/103\/revisions"}],"predecessor-version":[{"id":263,"href":"https:\/\/trailpompertuzat.com\/index.php?rest_route=\/wp\/v2\/pages\/103\/revisions\/263"}],"wp:featuredmedia":[{"embeddable":true,"href":"https:\/\/trailpompertuzat.com\/index.php?rest_route=\/wp\/v2\/media\/15"}],"wp:attachment":[{"href":"https:\/\/trailpompertuzat.com\/index.php?rest_route=%2Fwp%2Fv2%2Fmedia&parent=103"}],"curies":[{"name":"wp","href":"https:\/\/api.w.org\/{rel}","templated":true}]}}