{"id":130,"date":"2026-02-19T15:44:08","date_gmt":"2026-02-19T15:44:08","guid":{"rendered":"http:\/\/trailpompertuzat.com\/?page_id=130"},"modified":"2026-03-18T15:40:59","modified_gmt":"2026-03-18T15:40:59","slug":"mentions-legales","status":"publish","type":"page","link":"https:\/\/trailpompertuzat.com\/?page_id=130","title":{"rendered":"Mentions l\u00e9gales"},"content":{"rendered":"\n<p>Conform\u00e9ment aux dispositions de la loi n\u00b0 2004-575 du 21 juin 2004 pour la confiance en l&rsquo;\u00e9conomie num\u00e9rique, il est pr\u00e9cis\u00e9 aux utilisateurs du site Challenge du Souvenir et de la Paix Pompertuzat l&rsquo;identit\u00e9 des diff\u00e9rents intervenants dans le cadre de sa r\u00e9alisation et de son suivi.<\/p>\n\n\n\n<p><\/p>\n\n\n\n<p><strong>Edition du site&nbsp;<\/strong><\/p>\n\n\n\n<p>Le pr\u00e9sent site, accessible \u00e0 l\u2019URL www.challengepompertuzat.com et sur www.trailpompertuzat.com (le \u00ab Site \u00bb), est \u00e9dit\u00e9 par :<\/p>\n\n\n\n<p>L\u2019association Challenge du souvenir et de la paix, enregistr\u00e9e aupr\u00e8s de la pr\u00e9fecture\/sous-pr\u00e9fecture de 31 &#8211; Pr\u00e9fecture Toulouse sous le num\u00e9ro W313011474, ayant son si\u00e8ge situ\u00e9 \u00e0 51 RUE JANE DIEULAFOY H\u00d4TEL DE VILLE MAIRIE DE POMPERTUZAT 31450 POMPERTUZAT, repr\u00e9sent\u00e9e par Fabien Tauziac d\u00fbment habilit\u00e9(e).<\/p>\n\n\n\n<p><\/p>\n\n\n\n<p><strong>H\u00e9bergement<\/strong><\/p>\n\n\n\n<p>Le Site est h\u00e9berg\u00e9 par la soci\u00e9t\u00e9 OVH SAS, situ\u00e9 2 rue Kellermann &#8211; BP 80157 &#8211; 59053 Roubaix Cedex 1, (contact t\u00e9l\u00e9phonique ou email : 1007).<\/p>\n\n\n\n<p><\/p>\n\n\n\n<p><strong>Directeur de publication&nbsp;<\/strong><\/p>\n\n\n\n<p>Le Directeur de la publication du Site est\u00a0 Fabien Tauziac.<\/p>\n\n\n\n<p><\/p>\n\n\n\n<p><strong>Nous contacter&nbsp;<\/strong><\/p>\n\n\n\n<p>Par t\u00e9l\u00e9phone\u00a0: +33609593718<\/p>\n\n\n\n<p>Par email&nbsp;: challengepompertuzat31@gmail.com<\/p>\n\n\n\n<p>Par courrier&nbsp;: MAIRIE&nbsp; 31450 POMPERTUZAT<\/p>\n","protected":false},"excerpt":{"rendered":"<p>Conform\u00e9ment aux dispositions de la loi n\u00b0 2004-575 du 21 juin 2004 pour la confiance en l&rsquo;\u00e9conomie num\u00e9rique, il est pr\u00e9cis\u00e9 aux utilisateurs du site Challenge du Souvenir et de la Paix Pompertuzat l&rsquo;identit\u00e9 des diff\u00e9rents intervenants dans le cadre de sa r\u00e9alisation et de son suivi. Edition du site&nbsp; Le pr\u00e9sent site, accessible \u00e0 [&hellip;]<\/p>\n","protected":false},"author":1,"featured_media":0,"parent":0,"menu_order":0,"comment_status":"closed","ping_status":"closed","template":"","meta":{"footnotes":""},"class_list":["post-130","page","type-page","status-publish","hentry"],"yoast_head":"<!-- This site is optimized with the Yoast SEO plugin v27.3 - https:\/\/yoast.com\/product\/yoast-seo-wordpress\/ -->\n<title>Mentions l\u00e9gales - Challenge du souvenir et de la paix Pompertuzat<\/title>\n<meta name=\"robots\" content=\"index, follow, max-snippet:-1, max-image-preview:large, max-video-preview:-1\" \/>\n<link rel=\"canonical\" href=\"https:\/\/trailpompertuzat.com\/?page_id=130\" \/>\n<meta property=\"og:locale\" content=\"fr_FR\" \/>\n<meta property=\"og:type\" content=\"article\" \/>\n<meta property=\"og:title\" content=\"Mentions l\u00e9gales - Challenge du souvenir et de la paix Pompertuzat\" \/>\n<meta property=\"og:description\" content=\"Conform\u00e9ment aux dispositions de la loi n\u00b0 2004-575 du 21 juin 2004 pour la confiance en l&rsquo;\u00e9conomie num\u00e9rique, il est pr\u00e9cis\u00e9 aux utilisateurs du site Challenge du Souvenir et de la Paix Pompertuzat l&rsquo;identit\u00e9 des diff\u00e9rents intervenants dans le cadre de sa r\u00e9alisation et de son suivi. Edition du site&nbsp; Le pr\u00e9sent site, accessible \u00e0 [&hellip;]\" \/>\n<meta property=\"og:url\" content=\"https:\/\/trailpompertuzat.com\/?page_id=130\" \/>\n<meta property=\"og:site_name\" content=\"Challenge du souvenir et de la paix Pompertuzat\" \/>\n<meta property=\"article:publisher\" content=\"https:\/\/www.facebook.com\/groups\/2946963695611988\/\" \/>\n<meta property=\"article:modified_time\" content=\"2026-03-18T15:40:59+00:00\" \/>\n<meta name=\"twitter:card\" content=\"summary_large_image\" \/>\n<script type=\"application\/ld+json\" class=\"yoast-schema-graph\">{\"@context\":\"https:\\\/\\\/schema.org\",\"@graph\":[{\"@type\":\"WebPage\",\"@id\":\"https:\\\/\\\/trailpompertuzat.com\\\/?page_id=130\",\"url\":\"https:\\\/\\\/trailpompertuzat.com\\\/?page_id=130\",\"name\":\"Mentions l\u00e9gales - Challenge du souvenir et de la paix Pompertuzat\",\"isPartOf\":{\"@id\":\"https:\\\/\\\/trailpompertuzat.com\\\/#website\"},\"datePublished\":\"2026-02-19T15:44:08+00:00\",\"dateModified\":\"2026-03-18T15:40:59+00:00\",\"breadcrumb\":{\"@id\":\"https:\\\/\\\/trailpompertuzat.com\\\/?page_id=130#breadcrumb\"},\"inLanguage\":\"fr-FR\",\"potentialAction\":[{\"@type\":\"ReadAction\",\"target\":[\"https:\\\/\\\/trailpompertuzat.com\\\/?page_id=130\"]}]},{\"@type\":\"BreadcrumbList\",\"@id\":\"https:\\\/\\\/trailpompertuzat.com\\\/?page_id=130#breadcrumb\",\"itemListElement\":[{\"@type\":\"ListItem\",\"position\":1,\"name\":\"Accueil\",\"item\":\"https:\\\/\\\/trailpompertuzat.com\\\/\"},{\"@type\":\"ListItem\",\"position\":2,\"name\":\"Mentions l\u00e9gales\"}]},{\"@type\":\"WebSite\",\"@id\":\"https:\\\/\\\/trailpompertuzat.com\\\/#website\",\"url\":\"https:\\\/\\\/trailpompertuzat.com\\\/\",\"name\":\"Challenge du souvenir et de la paix - Trail de Pompertuzat\",\"description\":\"Trail de Pompertuzat\",\"publisher\":{\"@id\":\"https:\\\/\\\/trailpompertuzat.com\\\/#organization\"},\"potentialAction\":[{\"@type\":\"SearchAction\",\"target\":{\"@type\":\"EntryPoint\",\"urlTemplate\":\"https:\\\/\\\/trailpompertuzat.com\\\/?s={search_term_string}\"},\"query-input\":{\"@type\":\"PropertyValueSpecification\",\"valueRequired\":true,\"valueName\":\"search_term_string\"}}],\"inLanguage\":\"fr-FR\"},{\"@type\":\"Organization\",\"@id\":\"https:\\\/\\\/trailpompertuzat.com\\\/#organization\",\"name\":\"Challenge du souvenir et de la paix Pompertuzat\",\"url\":\"https:\\\/\\\/trailpompertuzat.com\\\/\",\"logo\":{\"@type\":\"ImageObject\",\"inLanguage\":\"fr-FR\",\"@id\":\"https:\\\/\\\/trailpompertuzat.com\\\/#\\\/schema\\\/logo\\\/image\\\/\",\"url\":\"http:\\\/\\\/trailpompertuzat.com\\\/wp-content\\\/uploads\\\/2026\\\/02\\\/Logo-Challenge-du-souvenir-et-de-la-paix-fond-blanc.png\",\"contentUrl\":\"http:\\\/\\\/trailpompertuzat.com\\\/wp-content\\\/uploads\\\/2026\\\/02\\\/Logo-Challenge-du-souvenir-et-de-la-paix-fond-blanc.png\",\"width\":2000,\"height\":2000,\"caption\":\"Challenge du souvenir et de la paix Pompertuzat\"},\"image\":{\"@id\":\"https:\\\/\\\/trailpompertuzat.com\\\/#\\\/schema\\\/logo\\\/image\\\/\"},\"sameAs\":[\"https:\\\/\\\/www.facebook.com\\\/groups\\\/2946963695611988\\\/\"]}]}<\/script>\n<!-- \/ Yoast SEO plugin. -->","yoast_head_json":{"title":"Mentions l\u00e9gales - Challenge du souvenir et de la paix Pompertuzat","robots":{"index":"index","follow":"follow","max-snippet":"max-snippet:-1","max-image-preview":"max-image-preview:large","max-video-preview":"max-video-preview:-1"},"canonical":"https:\/\/trailpompertuzat.com\/?page_id=130","og_locale":"fr_FR","og_type":"article","og_title":"Mentions l\u00e9gales - Challenge du souvenir et de la paix Pompertuzat","og_description":"Conform\u00e9ment aux dispositions de la loi n\u00b0 2004-575 du 21 juin 2004 pour la confiance en l&rsquo;\u00e9conomie num\u00e9rique, il est pr\u00e9cis\u00e9 aux utilisateurs du site Challenge du Souvenir et de la Paix Pompertuzat l&rsquo;identit\u00e9 des diff\u00e9rents intervenants dans le cadre de sa r\u00e9alisation et de son suivi. Edition du site&nbsp; Le pr\u00e9sent site, accessible \u00e0 [&hellip;]","og_url":"https:\/\/trailpompertuzat.com\/?page_id=130","og_site_name":"Challenge du souvenir et de la paix Pompertuzat","article_publisher":"https:\/\/www.facebook.com\/groups\/2946963695611988\/","article_modified_time":"2026-03-18T15:40:59+00:00","twitter_card":"summary_large_image","schema":{"@context":"https:\/\/schema.org","@graph":[{"@type":"WebPage","@id":"https:\/\/trailpompertuzat.com\/?page_id=130","url":"https:\/\/trailpompertuzat.com\/?page_id=130","name":"Mentions l\u00e9gales - Challenge du souvenir et de la paix Pompertuzat","isPartOf":{"@id":"https:\/\/trailpompertuzat.com\/#website"},"datePublished":"2026-02-19T15:44:08+00:00","dateModified":"2026-03-18T15:40:59+00:00","breadcrumb":{"@id":"https:\/\/trailpompertuzat.com\/?page_id=130#breadcrumb"},"inLanguage":"fr-FR","potentialAction":[{"@type":"ReadAction","target":["https:\/\/trailpompertuzat.com\/?page_id=130"]}]},{"@type":"BreadcrumbList","@id":"https:\/\/trailpompertuzat.com\/?page_id=130#breadcrumb","itemListElement":[{"@type":"ListItem","position":1,"name":"Accueil","item":"https:\/\/trailpompertuzat.com\/"},{"@type":"ListItem","position":2,"name":"Mentions l\u00e9gales"}]},{"@type":"WebSite","@id":"https:\/\/trailpompertuzat.com\/#website","url":"https:\/\/trailpompertuzat.com\/","name":"Challenge du souvenir et de la paix - Trail de Pompertuzat","description":"Trail de Pompertuzat","publisher":{"@id":"https:\/\/trailpompertuzat.com\/#organization"},"potentialAction":[{"@type":"SearchAction","target":{"@type":"EntryPoint","urlTemplate":"https:\/\/trailpompertuzat.com\/?s={search_term_string}"},"query-input":{"@type":"PropertyValueSpecification","valueRequired":true,"valueName":"search_term_string"}}],"inLanguage":"fr-FR"},{"@type":"Organization","@id":"https:\/\/trailpompertuzat.com\/#organization","name":"Challenge du souvenir et de la paix Pompertuzat","url":"https:\/\/trailpompertuzat.com\/","logo":{"@type":"ImageObject","inLanguage":"fr-FR","@id":"https:\/\/trailpompertuzat.com\/#\/schema\/logo\/image\/","url":"http:\/\/trailpompertuzat.com\/wp-content\/uploads\/2026\/02\/Logo-Challenge-du-souvenir-et-de-la-paix-fond-blanc.png","contentUrl":"http:\/\/trailpompertuzat.com\/wp-content\/uploads\/2026\/02\/Logo-Challenge-du-souvenir-et-de-la-paix-fond-blanc.png","width":2000,"height":2000,"caption":"Challenge du souvenir et de la paix Pompertuzat"},"image":{"@id":"https:\/\/trailpompertuzat.com\/#\/schema\/logo\/image\/"},"sameAs":["https:\/\/www.facebook.com\/groups\/2946963695611988\/"]}]}},"_links":{"self":[{"href":"https:\/\/trailpompertuzat.com\/index.php?rest_route=\/wp\/v2\/pages\/130","targetHints":{"allow":["GET"]}}],"collection":[{"href":"https:\/\/trailpompertuzat.com\/index.php?rest_route=\/wp\/v2\/pages"}],"about":[{"href":"https:\/\/trailpompertuzat.com\/index.php?rest_route=\/wp\/v2\/types\/page"}],"author":[{"embeddable":true,"href":"https:\/\/trailpompertuzat.com\/index.php?rest_route=\/wp\/v2\/users\/1"}],"replies":[{"embeddable":true,"href":"https:\/\/trailpompertuzat.com\/index.php?rest_route=%2Fwp%2Fv2%2Fcomments&post=130"}],"version-history":[{"count":2,"href":"https:\/\/trailpompertuzat.com\/index.php?rest_route=\/wp\/v2\/pages\/130\/revisions"}],"predecessor-version":[{"id":276,"href":"https:\/\/trailpompertuzat.com\/index.php?rest_route=\/wp\/v2\/pages\/130\/revisions\/276"}],"wp:attachment":[{"href":"https:\/\/trailpompertuzat.com\/index.php?rest_route=%2Fwp%2Fv2%2Fmedia&parent=130"}],"curies":[{"name":"wp","href":"https:\/\/api.w.org\/{rel}","templated":true}]}}