{"id":241,"date":"2026-03-17T11:36:11","date_gmt":"2026-03-17T11:36:11","guid":{"rendered":"https:\/\/trailpompertuzat.com\/?page_id=241"},"modified":"2026-03-25T10:05:45","modified_gmt":"2026-03-25T10:05:45","slug":"reglement-de-la-course","status":"publish","type":"page","link":"https:\/\/trailpompertuzat.com\/?page_id=241","title":{"rendered":"R\u00e8glement de la course"},"content":{"rendered":"\n<p>R\u00e8glement g\u00e9n\u00e9ral du Challenge du Souvenir et de la Paix 31450 &#8211; Pompertuzat <\/p>\n\n\n\n<p><strong>Article 1\u00a0: <\/strong><\/p>\n\n\n\n<p>Le Challenge du Souvenir et de la Paix est organis\u00e9 le Vendredi 8 Mai 2026 \u00e0 Pompertuzat \u00e0 partir de 7h30 pour le retrait des dossards <\/p>\n\n\n\n<p><\/p>\n\n\n\n<p><strong>Article 2\u00a0: <\/strong><\/p>\n\n\n\n<p>L\u2019\u00e9v\u00e8nement (hors animations sur le lieu de la course) comprend\u00a0: <\/p>\n\n\n\n<p>Trail de la Tour\u00a0: 21,6km avec 570m D+ \u2013 d\u00e9part 9 h 00 <\/p>\n\n\n\n<p>Trail du 8 mai 45\u00a0: 10,8km avec 270m D+ \u2013 d\u00e9part 9 h 15 <\/p>\n\n\n\n<p>Marche 8,4 km (sans certificat m\u00e9dical &#8211; sans classement) D\u00e9part 8h55 <\/p>\n\n\n\n<p>Animation enfant d\u00e9part 11 h <\/p>\n\n\n\n<p>Remise des prix 12h00 <\/p>\n\n\n\n<p>Comm\u00e9moration du souvenir 12h30 <\/p>\n\n\n\n<p><\/p>\n\n\n\n<p><strong>Article 3\u00a0: <\/strong><\/p>\n\n\n\n<p>Aucun v\u00e9hicule \u00e0 moteur, sauf ceux de l\u2019organisation, n\u2019est autoris\u00e9 sur le parcours de l\u2019\u00e9preuve. <\/p>\n\n\n\n<p><\/p>\n\n\n\n<p><strong>Article 4\u00a0: <\/strong><\/p>\n\n\n\n<p>Les ravitaillements en boissons et nourritures sont assur\u00e9s par l\u2019organisation selon les r\u00e8gles en vigueur pour les courses hors stade. Ils se trouveront\u00a0: au 6\u00e8me kilom\u00e8tre pour toutes les courses et au 14\u00e8me kilom\u00e8tre en plus du 6\u00e8me pour le 21,8 km <\/p>\n\n\n\n<p><\/p>\n\n\n\n<p>Article 5\u00a0: <\/p>\n\n\n\n<p>Les organisateurs prendront toutes les dispositions possibles pour garantir la protection la plus efficace du parcours. Les coureurs devront respecter le code de la route, lorsque cela sera n\u00e9cessaire. <\/p>\n\n\n\n<p><\/p>\n\n\n\n<p><strong>Article 6 : <\/strong><\/p>\n\n\n\n<p>Les coureurs participent \u00e0 l\u2019\u00e9preuve sous leur propre responsabilit\u00e9. L&rsquo;organisateur a souscrit une assurance responsabilit\u00e9 civile pour l\u2019\u00e9v\u00e9nement. Les licenci\u00e9s b\u00e9n\u00e9ficient des garanties accord\u00e9es par l\u2019assurance li\u00e9e \u00e0 leur licence, il incombe aux autres participants de s\u2019assurer individuellement. Le service m\u00e9dical pr\u00e9sent \u00e0 partir de 8h30 pourra mettre hors course les concurrents mettant leur sant\u00e9 en danger. L\u2019association d\u00e9cline toute responsabilit\u00e9 quant aux vols, d\u00e9gradations d\u2019\u00e9quipement, incidents ou accidents susceptibles de se produire dans le cadre de la manifestation. <\/p>\n\n\n\n<p><\/p>\n\n\n\n<p><strong>Article 7\u00a0: <\/strong><\/p>\n\n\n\n<p>Une autorisation parentale sera demand\u00e9e \u00e0 tous participants mineurs. L\u2019\u00e9preuve de 10,4 Km peut \u00eatre courue par les cadets (n\u00e9s entre 2009-2010) avec le questionnaire relatif \u00e0 l\u2019\u00e9tat de sant\u00e9 des mineurs car le kilom\u00e8tre effort est inf\u00e9rieur \u00e0 15km. L\u2019\u00e9preuve de 21,6 Km peut \u00eatre courue \u00e0 partir de la cat\u00e9gorie junior.(n\u00e9s entre 20072008). Pour les juniors qui n\u2019auront pas 18 ans le jour de la course une autorisation parentale sera demand\u00e9e. Pour les jeunes et enfants &#8211; animation gratuite et sans classement <\/p>\n\n\n\n<p>Distances possibles en fonction de l\u2019\u00e2ge\u00a0:<\/p>\n\n\n\n<p>&#8211; Baby athl\u00e9 (n\u00e9s 2020 et apr\u00e8s)\u00a0: circuit 1 de 900m (1 tour) accompagn\u00e9 d\u2019un parent<\/p>\n\n\n\n<p>&#8211; Eveil athl\u00e9tique (n\u00e9s entre 2017-2019)\u00a0: circuit 1 de 900m (1 tour)<\/p>\n\n\n\n<p>&#8211; Les poussins (n\u00e9s entre 2015-2016)\u00a0: circuit 1 de 900m (1 tour)<\/p>\n\n\n\n<p>&#8211; Les benjamins (n\u00e9s entre 2013-2014)\u00a0: circuit 2 de 2600m (3 tours)<\/p>\n\n\n\n<p>&#8211; Les minimes (n\u00e9s entre 2011-2012)\u00a0: circuit 2 de 2600m (3 tours) <\/p>\n\n\n\n<p><\/p>\n\n\n\n<p><strong>Article 8\u00a0: <\/strong><\/p>\n\n\n\n<p>Le nombre de participants est de 800 personnes r\u00e9partis comme il suit\u00a0: <\/p>\n\n\n\n<p>&#8211; 350 coureurs maximum sur le 21,6km <\/p>\n\n\n\n<p>&#8211; 350 coureurs maximum sur le 10,8km <\/p>\n\n\n\n<p>&#8211; 100 marcheurs maximum sur la marche de 8,4km <\/p>\n\n\n\n<p><\/p>\n\n\n\n<p><strong>Article 9\u00a0:<\/strong><\/p>\n\n\n\n<p>Toute participation \u00e0 une comp\u00e9tition est soumise \u00e0 la pr\u00e9sentation obligatoire par les participants\u00a0: <\/p>\n\n\n\n<p>o Attestation de suivi du Parcours de Pr\u00e9vention Sant\u00e9 (PPS) valide <\/p>\n\n\n\n<p>o D\u2019une licence Athl\u00e9tisme d\u00e9livr\u00e9s par la FFA en cours de validit\u00e9 \u00e0 la date de la manifestation uniquement <\/p>\n\n\n\n<p>o Pour les coureurs mineurs, il faut fournir \u00ab\u00a0le questionnaire relatif \u00e0 l\u2019\u00e9tat de sant\u00e9 du mineur\u00a0\u00bb (et non un PPS). En cas de r\u00e9ponse(s) OUI, il y a n\u00e9cessit\u00e9 de fournir un certificat m\u00e9dical de moins de 6 mois. <\/p>\n\n\n\n<p>Les licences \u00e9trang\u00e8res ne sont pas accept\u00e9es, ce inclus les licences \u00e9mises par une f\u00e9d\u00e9ration membre de World Athletics. <\/p>\n\n\n\n<p>Les licences d\u00e9livr\u00e9es par d\u2019autres f\u00e9d\u00e9rations agr\u00e9\u00e9es ou d\u00e9l\u00e9gataires ne permettent pas la participation \u00e0 une comp\u00e9tition, \u00e0 l\u2019exception de celles d\u00e9livr\u00e9es par une f\u00e9d\u00e9ration ayant conclu un partenariat avec la FFA pr\u00e9voyant express\u00e9ment la reconnaissance de leurs licences pour la participation \u00e0 une comp\u00e9tition. La liste des f\u00e9d\u00e9rations partenaires entrant dans ce cas sera annex\u00e9e au pr\u00e9sent r\u00e8glement le cas \u00e9ch\u00e9ant. <\/p>\n\n\n\n<p><\/p>\n\n\n\n<p><strong>Article 10\u00a0: <\/strong><\/p>\n\n\n\n<p>Les classements seront \u00e9tablis apr\u00e8s l\u2019arriv\u00e9e en fonction des cat\u00e9gories pour les courses chronom\u00e9tr\u00e9es. Les 3 premiers au scratch seront r\u00e9compens\u00e9s masculin et f\u00e9minin\u00a0: <\/p>\n\n\n\n<p>&#8211; 3 premi\u00e8res f\u00e9minines au scratch du 21,6km <\/p>\n\n\n\n<p>&#8211; 3 premiers masculins au scratch du 21,6km <\/p>\n\n\n\n<p>&#8211; 3 premi\u00e8res f\u00e9minines au scratch du 10,4km <\/p>\n\n\n\n<p>&#8211; 3 premiers masculins au scratch du 10,4km <\/p>\n\n\n\n<p><\/p>\n\n\n\n<p><strong>Article 11\u00a0: <\/strong><\/p>\n\n\n\n<p>Il ne sera proc\u00e9d\u00e9 \u00e0 aucun remboursement en cas de d\u00e9sistement ou d\u2019inscription invalid\u00e9e. <\/p>\n\n\n\n<p><\/p>\n\n\n\n<p><strong>Article 12\u00a0: <\/strong><\/p>\n\n\n\n<p>Les frais d\u2019inscriptions, s\u2019\u00e9l\u00e8vent \u00e0\u00a0: <\/p>\n\n\n\n<p>15 euros les 21,6 Km &#8211; Trail de la Tour <\/p>\n\n\n\n<p>13 euros les 10,4 Km &#8211; Trail du 8 Mai 45 <\/p>\n\n\n\n<p>7 euros les marcheurs 8,4 km (sans certificat m\u00e9dical &#8211; sans classement \u2013 Gratuit pour les mineurs)<\/p>\n\n\n\n<p><\/p>\n\n\n\n<p><strong>Article 13\u00a0: <\/strong><\/p>\n\n\n\n<p>Les derni\u00e8res inscriptions et retrait des dossards : <\/p>\n\n\n\n<p>&#8211; Les inscriptions se feront sur internet jusqu&rsquo;au jeudi 7 Mai 20h30. <\/p>\n\n\n\n<p>&#8211; Retrait des dossards le mercredi 6 mai sur le parking de l\u2019intermarch\u00e9 de Pompertuzat &amp; jeudi 8 mai de 10h \u00e0 20h dans le magasin D\u00e9cathlon Escalquens<\/p>\n\n\n\n<p>Ceux qui seront dans l&rsquo;impossibilit\u00e9 de retirer les dossards avant le jour de la course pourront le faire sur place, le jour de la course \u00e0 partir\u00a0 de 7h30 \u00e0 la salle des f\u00eates de Pompertuzat. <\/p>\n\n\n\n<p><\/p>\n\n\n\n<p><strong>Article 14\u00a0: <\/strong><\/p>\n\n\n\n<p>La participation \u00e0 l\u2019\u00e9preuve implique la connaissance de ce r\u00e8glement. Tout manquement \u00e0 son respect entra\u00eenera la disqualification du coureur concern\u00e9..<\/p>\n","protected":false},"excerpt":{"rendered":"<p>R\u00e8glement g\u00e9n\u00e9ral du Challenge du Souvenir et de la Paix 31450 &#8211; Pompertuzat Article 1\u00a0: Le Challenge du Souvenir et de la Paix est organis\u00e9 le Vendredi 8 Mai 2026 \u00e0 Pompertuzat \u00e0 partir de 7h30 pour le retrait des dossards Article 2\u00a0: L\u2019\u00e9v\u00e8nement (hors animations sur le lieu de la course) comprend\u00a0: Trail de [&hellip;]<\/p>\n","protected":false},"author":1,"featured_media":120,"parent":0,"menu_order":0,"comment_status":"closed","ping_status":"closed","template":"","meta":{"footnotes":""},"class_list":["post-241","page","type-page","status-publish","has-post-thumbnail","hentry"],"yoast_head":"<!-- This site is optimized with the Yoast SEO plugin v27.3 - https:\/\/yoast.com\/product\/yoast-seo-wordpress\/ -->\n<title>R\u00e8glement de la course - Challenge du souvenir et de la paix Pompertuzat<\/title>\n<meta name=\"robots\" content=\"index, follow, max-snippet:-1, max-image-preview:large, max-video-preview:-1\" \/>\n<link rel=\"canonical\" href=\"https:\/\/trailpompertuzat.com\/?page_id=241\" \/>\n<meta property=\"og:locale\" content=\"fr_FR\" \/>\n<meta property=\"og:type\" content=\"article\" \/>\n<meta property=\"og:title\" content=\"R\u00e8glement de la course - Challenge du souvenir et de la paix Pompertuzat\" \/>\n<meta property=\"og:description\" content=\"R\u00e8glement g\u00e9n\u00e9ral du Challenge du Souvenir et de la Paix 31450 &#8211; Pompertuzat Article 1\u00a0: Le Challenge du Souvenir et de la Paix est organis\u00e9 le Vendredi 8 Mai 2026 \u00e0 Pompertuzat \u00e0 partir de 7h30 pour le retrait des dossards Article 2\u00a0: L\u2019\u00e9v\u00e8nement (hors animations sur le lieu de la course) comprend\u00a0: Trail de [&hellip;]\" \/>\n<meta property=\"og:url\" content=\"https:\/\/trailpompertuzat.com\/?page_id=241\" \/>\n<meta property=\"og:site_name\" content=\"Challenge du souvenir et de la paix Pompertuzat\" \/>\n<meta property=\"article:publisher\" content=\"https:\/\/www.facebook.com\/groups\/2946963695611988\/\" \/>\n<meta property=\"article:modified_time\" content=\"2026-03-25T10:05:45+00:00\" \/>\n<meta property=\"og:image\" content=\"https:\/\/trailpompertuzat.com\/wp-content\/uploads\/2026\/02\/Logo-Challenge-du-souvenir-et-de-la-paix.png\" \/>\n\t<meta property=\"og:image:width\" content=\"2000\" \/>\n\t<meta property=\"og:image:height\" content=\"2000\" \/>\n\t<meta property=\"og:image:type\" content=\"image\/png\" \/>\n<meta name=\"twitter:card\" content=\"summary_large_image\" \/>\n<meta name=\"twitter:label1\" content=\"Dur\u00e9e de lecture estim\u00e9e\" \/>\n\t<meta name=\"twitter:data1\" content=\"5 minutes\" \/>\n<script type=\"application\/ld+json\" class=\"yoast-schema-graph\">{\"@context\":\"https:\\\/\\\/schema.org\",\"@graph\":[{\"@type\":\"WebPage\",\"@id\":\"https:\\\/\\\/trailpompertuzat.com\\\/?page_id=241\",\"url\":\"https:\\\/\\\/trailpompertuzat.com\\\/?page_id=241\",\"name\":\"R\u00e8glement de la course - Challenge du souvenir et de la paix Pompertuzat\",\"isPartOf\":{\"@id\":\"https:\\\/\\\/trailpompertuzat.com\\\/#website\"},\"primaryImageOfPage\":{\"@id\":\"https:\\\/\\\/trailpompertuzat.com\\\/?page_id=241#primaryimage\"},\"image\":{\"@id\":\"https:\\\/\\\/trailpompertuzat.com\\\/?page_id=241#primaryimage\"},\"thumbnailUrl\":\"https:\\\/\\\/trailpompertuzat.com\\\/wp-content\\\/uploads\\\/2026\\\/02\\\/Logo-Challenge-du-souvenir-et-de-la-paix.png\",\"datePublished\":\"2026-03-17T11:36:11+00:00\",\"dateModified\":\"2026-03-25T10:05:45+00:00\",\"breadcrumb\":{\"@id\":\"https:\\\/\\\/trailpompertuzat.com\\\/?page_id=241#breadcrumb\"},\"inLanguage\":\"fr-FR\",\"potentialAction\":[{\"@type\":\"ReadAction\",\"target\":[\"https:\\\/\\\/trailpompertuzat.com\\\/?page_id=241\"]}]},{\"@type\":\"ImageObject\",\"inLanguage\":\"fr-FR\",\"@id\":\"https:\\\/\\\/trailpompertuzat.com\\\/?page_id=241#primaryimage\",\"url\":\"https:\\\/\\\/trailpompertuzat.com\\\/wp-content\\\/uploads\\\/2026\\\/02\\\/Logo-Challenge-du-souvenir-et-de-la-paix.png\",\"contentUrl\":\"https:\\\/\\\/trailpompertuzat.com\\\/wp-content\\\/uploads\\\/2026\\\/02\\\/Logo-Challenge-du-souvenir-et-de-la-paix.png\",\"width\":2000,\"height\":2000},{\"@type\":\"BreadcrumbList\",\"@id\":\"https:\\\/\\\/trailpompertuzat.com\\\/?page_id=241#breadcrumb\",\"itemListElement\":[{\"@type\":\"ListItem\",\"position\":1,\"name\":\"Accueil\",\"item\":\"https:\\\/\\\/trailpompertuzat.com\\\/\"},{\"@type\":\"ListItem\",\"position\":2,\"name\":\"R\u00e8glement de la course\"}]},{\"@type\":\"WebSite\",\"@id\":\"https:\\\/\\\/trailpompertuzat.com\\\/#website\",\"url\":\"https:\\\/\\\/trailpompertuzat.com\\\/\",\"name\":\"Challenge du souvenir et de la paix - Trail de Pompertuzat\",\"description\":\"Trail de Pompertuzat\",\"publisher\":{\"@id\":\"https:\\\/\\\/trailpompertuzat.com\\\/#organization\"},\"potentialAction\":[{\"@type\":\"SearchAction\",\"target\":{\"@type\":\"EntryPoint\",\"urlTemplate\":\"https:\\\/\\\/trailpompertuzat.com\\\/?s={search_term_string}\"},\"query-input\":{\"@type\":\"PropertyValueSpecification\",\"valueRequired\":true,\"valueName\":\"search_term_string\"}}],\"inLanguage\":\"fr-FR\"},{\"@type\":\"Organization\",\"@id\":\"https:\\\/\\\/trailpompertuzat.com\\\/#organization\",\"name\":\"Challenge du souvenir et de la paix Pompertuzat\",\"url\":\"https:\\\/\\\/trailpompertuzat.com\\\/\",\"logo\":{\"@type\":\"ImageObject\",\"inLanguage\":\"fr-FR\",\"@id\":\"https:\\\/\\\/trailpompertuzat.com\\\/#\\\/schema\\\/logo\\\/image\\\/\",\"url\":\"http:\\\/\\\/trailpompertuzat.com\\\/wp-content\\\/uploads\\\/2026\\\/02\\\/Logo-Challenge-du-souvenir-et-de-la-paix-fond-blanc.png\",\"contentUrl\":\"http:\\\/\\\/trailpompertuzat.com\\\/wp-content\\\/uploads\\\/2026\\\/02\\\/Logo-Challenge-du-souvenir-et-de-la-paix-fond-blanc.png\",\"width\":2000,\"height\":2000,\"caption\":\"Challenge du souvenir et de la paix Pompertuzat\"},\"image\":{\"@id\":\"https:\\\/\\\/trailpompertuzat.com\\\/#\\\/schema\\\/logo\\\/image\\\/\"},\"sameAs\":[\"https:\\\/\\\/www.facebook.com\\\/groups\\\/2946963695611988\\\/\"]}]}<\/script>\n<!-- \/ Yoast SEO plugin. -->","yoast_head_json":{"title":"R\u00e8glement de la course - Challenge du souvenir et de la paix Pompertuzat","robots":{"index":"index","follow":"follow","max-snippet":"max-snippet:-1","max-image-preview":"max-image-preview:large","max-video-preview":"max-video-preview:-1"},"canonical":"https:\/\/trailpompertuzat.com\/?page_id=241","og_locale":"fr_FR","og_type":"article","og_title":"R\u00e8glement de la course - Challenge du souvenir et de la paix Pompertuzat","og_description":"R\u00e8glement g\u00e9n\u00e9ral du Challenge du Souvenir et de la Paix 31450 &#8211; Pompertuzat Article 1\u00a0: Le Challenge du Souvenir et de la Paix est organis\u00e9 le Vendredi 8 Mai 2026 \u00e0 Pompertuzat \u00e0 partir de 7h30 pour le retrait des dossards Article 2\u00a0: L\u2019\u00e9v\u00e8nement (hors animations sur le lieu de la course) comprend\u00a0: Trail de [&hellip;]","og_url":"https:\/\/trailpompertuzat.com\/?page_id=241","og_site_name":"Challenge du souvenir et de la paix Pompertuzat","article_publisher":"https:\/\/www.facebook.com\/groups\/2946963695611988\/","article_modified_time":"2026-03-25T10:05:45+00:00","og_image":[{"width":2000,"height":2000,"url":"https:\/\/trailpompertuzat.com\/wp-content\/uploads\/2026\/02\/Logo-Challenge-du-souvenir-et-de-la-paix.png","type":"image\/png"}],"twitter_card":"summary_large_image","twitter_misc":{"Dur\u00e9e de lecture estim\u00e9e":"5 minutes"},"schema":{"@context":"https:\/\/schema.org","@graph":[{"@type":"WebPage","@id":"https:\/\/trailpompertuzat.com\/?page_id=241","url":"https:\/\/trailpompertuzat.com\/?page_id=241","name":"R\u00e8glement de la course - Challenge du souvenir et de la paix Pompertuzat","isPartOf":{"@id":"https:\/\/trailpompertuzat.com\/#website"},"primaryImageOfPage":{"@id":"https:\/\/trailpompertuzat.com\/?page_id=241#primaryimage"},"image":{"@id":"https:\/\/trailpompertuzat.com\/?page_id=241#primaryimage"},"thumbnailUrl":"https:\/\/trailpompertuzat.com\/wp-content\/uploads\/2026\/02\/Logo-Challenge-du-souvenir-et-de-la-paix.png","datePublished":"2026-03-17T11:36:11+00:00","dateModified":"2026-03-25T10:05:45+00:00","breadcrumb":{"@id":"https:\/\/trailpompertuzat.com\/?page_id=241#breadcrumb"},"inLanguage":"fr-FR","potentialAction":[{"@type":"ReadAction","target":["https:\/\/trailpompertuzat.com\/?page_id=241"]}]},{"@type":"ImageObject","inLanguage":"fr-FR","@id":"https:\/\/trailpompertuzat.com\/?page_id=241#primaryimage","url":"https:\/\/trailpompertuzat.com\/wp-content\/uploads\/2026\/02\/Logo-Challenge-du-souvenir-et-de-la-paix.png","contentUrl":"https:\/\/trailpompertuzat.com\/wp-content\/uploads\/2026\/02\/Logo-Challenge-du-souvenir-et-de-la-paix.png","width":2000,"height":2000},{"@type":"BreadcrumbList","@id":"https:\/\/trailpompertuzat.com\/?page_id=241#breadcrumb","itemListElement":[{"@type":"ListItem","position":1,"name":"Accueil","item":"https:\/\/trailpompertuzat.com\/"},{"@type":"ListItem","position":2,"name":"R\u00e8glement de la course"}]},{"@type":"WebSite","@id":"https:\/\/trailpompertuzat.com\/#website","url":"https:\/\/trailpompertuzat.com\/","name":"Challenge du souvenir et de la paix - Trail de Pompertuzat","description":"Trail de Pompertuzat","publisher":{"@id":"https:\/\/trailpompertuzat.com\/#organization"},"potentialAction":[{"@type":"SearchAction","target":{"@type":"EntryPoint","urlTemplate":"https:\/\/trailpompertuzat.com\/?s={search_term_string}"},"query-input":{"@type":"PropertyValueSpecification","valueRequired":true,"valueName":"search_term_string"}}],"inLanguage":"fr-FR"},{"@type":"Organization","@id":"https:\/\/trailpompertuzat.com\/#organization","name":"Challenge du souvenir et de la paix Pompertuzat","url":"https:\/\/trailpompertuzat.com\/","logo":{"@type":"ImageObject","inLanguage":"fr-FR","@id":"https:\/\/trailpompertuzat.com\/#\/schema\/logo\/image\/","url":"http:\/\/trailpompertuzat.com\/wp-content\/uploads\/2026\/02\/Logo-Challenge-du-souvenir-et-de-la-paix-fond-blanc.png","contentUrl":"http:\/\/trailpompertuzat.com\/wp-content\/uploads\/2026\/02\/Logo-Challenge-du-souvenir-et-de-la-paix-fond-blanc.png","width":2000,"height":2000,"caption":"Challenge du souvenir et de la paix Pompertuzat"},"image":{"@id":"https:\/\/trailpompertuzat.com\/#\/schema\/logo\/image\/"},"sameAs":["https:\/\/www.facebook.com\/groups\/2946963695611988\/"]}]}},"_links":{"self":[{"href":"https:\/\/trailpompertuzat.com\/index.php?rest_route=\/wp\/v2\/pages\/241","targetHints":{"allow":["GET"]}}],"collection":[{"href":"https:\/\/trailpompertuzat.com\/index.php?rest_route=\/wp\/v2\/pages"}],"about":[{"href":"https:\/\/trailpompertuzat.com\/index.php?rest_route=\/wp\/v2\/types\/page"}],"author":[{"embeddable":true,"href":"https:\/\/trailpompertuzat.com\/index.php?rest_route=\/wp\/v2\/users\/1"}],"replies":[{"embeddable":true,"href":"https:\/\/trailpompertuzat.com\/index.php?rest_route=%2Fwp%2Fv2%2Fcomments&post=241"}],"version-history":[{"count":3,"href":"https:\/\/trailpompertuzat.com\/index.php?rest_route=\/wp\/v2\/pages\/241\/revisions"}],"predecessor-version":[{"id":248,"href":"https:\/\/trailpompertuzat.com\/index.php?rest_route=\/wp\/v2\/pages\/241\/revisions\/248"}],"wp:featuredmedia":[{"embeddable":true,"href":"https:\/\/trailpompertuzat.com\/index.php?rest_route=\/wp\/v2\/media\/120"}],"wp:attachment":[{"href":"https:\/\/trailpompertuzat.com\/index.php?rest_route=%2Fwp%2Fv2%2Fmedia&parent=241"}],"curies":[{"name":"wp","href":"https:\/\/api.w.org\/{rel}","templated":true}]}}