{"id":80,"date":"2026-02-19T13:50:36","date_gmt":"2026-02-19T13:50:36","guid":{"rendered":"http:\/\/trailpompertuzat.com\/?page_id=80"},"modified":"2026-03-25T10:02:36","modified_gmt":"2026-03-25T10:02:36","slug":"courses-enfants","status":"publish","type":"page","link":"https:\/\/trailpompertuzat.com\/?page_id=80","title":{"rendered":"Courses enfants"},"content":{"rendered":"\n<h2 class=\"wp-block-heading\">Courses enfants et ambiance familiale<\/h2>\n\n\n\n<p>Le Challenge du Souvenir et de la Paix, ce n\u2019est pas seulement une comp\u00e9tition : c\u2019est un \u00e9v\u00e9nement familial.<\/p>\n\n\n\n<p>Des courses adapt\u00e9es aux plus jeunes permettent aux enfants de participer \u00e0 la f\u00eate dans un cadre s\u00e9curis\u00e9 et convivial.<\/p>\n\n\n\n<p>Parce que le trail se vit aussi en famille.<\/p>\n\n\n\n<p>Pour les jeunes et enfants &#8211; animation gratuite et sans classement &#8211; Une autorisation parentale sera demand\u00e9e \u00e0 tous participants mineurs.<\/p>\n\n\n\n<p>Distances possibles en fonction de l\u2019\u00e2ge\u00a0:<\/p>\n\n\n\n<p>&#8211; Baby athl\u00e9 (n\u00e9s 2020 et apr\u00e8s)\u00a0: circuit 1 de 900m (1 tour) accompagn\u00e9 d\u2019un parent<\/p>\n\n\n\n<p>&#8211; Eveil athl\u00e9tique (n\u00e9s entre 2017-2019)\u00a0: circuit 1 de 900m (1 tour)<\/p>\n\n\n\n<p>&#8211; Les poussins (n\u00e9s entre 2015-2016)\u00a0: circuit 1 de 900m (1 tour)<\/p>\n\n\n\n<p>&#8211; Les benjamins (n\u00e9s entre 2013-2014)\u00a0: circuit 2 de 2600m (3 tours)<\/p>\n\n\n\n<p>&#8211; Les minimes (n\u00e9s entre 2011-2012)\u00a0: circuit 2 de 2600m (3 tours)<\/p>\n\n\n\n<p>Ces animations sont totalement gratuites et sur inscription jusqu&rsquo;au matin de l&rsquo;\u00e9v\u00e8nement (nombre de places limit\u00e9es!). Pour \u00eatre s\u00fbr de faire participer vos enfants et gagner du temps le jour J, inscrivez-vous ICI : <\/p>\n\n\n\n<div class=\"wp-block-buttons is-layout-flex wp-block-buttons-is-layout-flex\">\n<div class=\"wp-block-button\"><a class=\"wp-block-button__link wp-element-button\" href=\"https:\/\/chrono-start.com\/Inscription\/Course\/detail\/c\/5041\"><strong>Inscriptions animations enfants GRATUIT<\/strong><\/a><\/div>\n<\/div>\n\n\n\n<p><\/p>\n\n\n\n<h3 class=\"wp-block-heading\">Course enfants 3-12 ans<\/h3>\n\n\n\n<figure class=\"wp-block-image size-large\"><img loading=\"lazy\" decoding=\"async\" width=\"1024\" height=\"1024\" src=\"https:\/\/trailpompertuzat.com\/wp-content\/uploads\/2026\/03\/course-3-11-ans-1024x1024.jpg\" alt=\"\" class=\"wp-image-228\" srcset=\"https:\/\/trailpompertuzat.com\/wp-content\/uploads\/2026\/03\/course-3-11-ans-1024x1024.jpg 1024w, https:\/\/trailpompertuzat.com\/wp-content\/uploads\/2026\/03\/course-3-11-ans-300x300.jpg 300w, https:\/\/trailpompertuzat.com\/wp-content\/uploads\/2026\/03\/course-3-11-ans-150x150.jpg 150w, https:\/\/trailpompertuzat.com\/wp-content\/uploads\/2026\/03\/course-3-11-ans-768x768.jpg 768w, https:\/\/trailpompertuzat.com\/wp-content\/uploads\/2026\/03\/course-3-11-ans-1536x1536.jpg 1536w, https:\/\/trailpompertuzat.com\/wp-content\/uploads\/2026\/03\/course-3-11-ans.jpg 2000w\" sizes=\"auto, (max-width: 1024px) 100vw, 1024px\" \/><\/figure>\n\n\n\n<h3 class=\"wp-block-heading\">Course enfants 11-16 ans<\/h3>\n\n\n\n<figure class=\"wp-block-image size-large\"><img loading=\"lazy\" decoding=\"async\" width=\"1024\" height=\"1024\" src=\"https:\/\/trailpompertuzat.com\/wp-content\/uploads\/2026\/03\/course-11-16-ans-1024x1024.jpg\" alt=\"\" class=\"wp-image-229\" srcset=\"https:\/\/trailpompertuzat.com\/wp-content\/uploads\/2026\/03\/course-11-16-ans-1024x1024.jpg 1024w, https:\/\/trailpompertuzat.com\/wp-content\/uploads\/2026\/03\/course-11-16-ans-300x300.jpg 300w, https:\/\/trailpompertuzat.com\/wp-content\/uploads\/2026\/03\/course-11-16-ans-150x150.jpg 150w, https:\/\/trailpompertuzat.com\/wp-content\/uploads\/2026\/03\/course-11-16-ans-768x768.jpg 768w, https:\/\/trailpompertuzat.com\/wp-content\/uploads\/2026\/03\/course-11-16-ans-1536x1536.jpg 1536w, https:\/\/trailpompertuzat.com\/wp-content\/uploads\/2026\/03\/course-11-16-ans.jpg 2000w\" sizes=\"auto, (max-width: 1024px) 100vw, 1024px\" \/><\/figure>\n","protected":false},"excerpt":{"rendered":"<p>Courses enfants et ambiance familiale Le Challenge du Souvenir et de la Paix, ce n\u2019est pas seulement une comp\u00e9tition : c\u2019est un \u00e9v\u00e9nement familial. Des courses adapt\u00e9es aux plus jeunes permettent aux enfants de participer \u00e0 la f\u00eate dans un cadre s\u00e9curis\u00e9 et convivial. Parce que le trail se vit aussi en famille. Pour les [&hellip;]<\/p>\n","protected":false},"author":1,"featured_media":46,"parent":0,"menu_order":0,"comment_status":"closed","ping_status":"closed","template":"","meta":{"footnotes":""},"class_list":["post-80","page","type-page","status-publish","has-post-thumbnail","hentry"],"yoast_head":"<!-- This site is optimized with the Yoast SEO plugin v27.3 - https:\/\/yoast.com\/product\/yoast-seo-wordpress\/ -->\n<title>Courses et animations enfants \u00e0 Pompertuzat<\/title>\n<meta name=\"description\" content=\"Des courses adapt\u00e9es aux plus jeunes permettent aux enfants de participer \u00e0 la f\u00eate dans un cadre s\u00e9curis\u00e9 et convivial.\" \/>\n<meta name=\"robots\" content=\"index, follow, max-snippet:-1, max-image-preview:large, max-video-preview:-1\" \/>\n<link rel=\"canonical\" href=\"https:\/\/trailpompertuzat.com\/?page_id=80\" \/>\n<meta property=\"og:locale\" content=\"fr_FR\" \/>\n<meta property=\"og:type\" content=\"article\" \/>\n<meta property=\"og:title\" content=\"Courses et animations enfants \u00e0 Pompertuzat\" \/>\n<meta property=\"og:description\" content=\"Des courses adapt\u00e9es aux plus jeunes permettent aux enfants de participer \u00e0 la f\u00eate dans un cadre s\u00e9curis\u00e9 et convivial.\" \/>\n<meta property=\"og:url\" content=\"https:\/\/trailpompertuzat.com\/?page_id=80\" \/>\n<meta property=\"og:site_name\" content=\"Challenge du souvenir et de la paix Pompertuzat\" \/>\n<meta property=\"article:publisher\" content=\"https:\/\/www.facebook.com\/groups\/2946963695611988\/\" \/>\n<meta property=\"article:modified_time\" content=\"2026-03-25T10:02:36+00:00\" \/>\n<meta property=\"og:image\" content=\"https:\/\/trailpompertuzat.com\/wp-content\/uploads\/2026\/02\/course-enfants2.jpeg\" \/>\n\t<meta property=\"og:image:width\" content=\"1600\" \/>\n\t<meta property=\"og:image:height\" content=\"1200\" \/>\n\t<meta property=\"og:image:type\" content=\"image\/jpeg\" \/>\n<meta name=\"twitter:card\" content=\"summary_large_image\" \/>\n<meta name=\"twitter:label1\" content=\"Dur\u00e9e de lecture estim\u00e9e\" \/>\n\t<meta name=\"twitter:data1\" content=\"2 minutes\" \/>\n<script type=\"application\/ld+json\" class=\"yoast-schema-graph\">{\"@context\":\"https:\\\/\\\/schema.org\",\"@graph\":[{\"@type\":\"WebPage\",\"@id\":\"https:\\\/\\\/trailpompertuzat.com\\\/?page_id=80\",\"url\":\"https:\\\/\\\/trailpompertuzat.com\\\/?page_id=80\",\"name\":\"Courses et animations enfants \u00e0 Pompertuzat\",\"isPartOf\":{\"@id\":\"https:\\\/\\\/trailpompertuzat.com\\\/#website\"},\"primaryImageOfPage\":{\"@id\":\"https:\\\/\\\/trailpompertuzat.com\\\/?page_id=80#primaryimage\"},\"image\":{\"@id\":\"https:\\\/\\\/trailpompertuzat.com\\\/?page_id=80#primaryimage\"},\"thumbnailUrl\":\"https:\\\/\\\/trailpompertuzat.com\\\/wp-content\\\/uploads\\\/2026\\\/02\\\/course-enfants2.jpeg\",\"datePublished\":\"2026-02-19T13:50:36+00:00\",\"dateModified\":\"2026-03-25T10:02:36+00:00\",\"description\":\"Des courses adapt\u00e9es aux plus jeunes permettent aux enfants de participer \u00e0 la f\u00eate dans un cadre s\u00e9curis\u00e9 et convivial.\",\"breadcrumb\":{\"@id\":\"https:\\\/\\\/trailpompertuzat.com\\\/?page_id=80#breadcrumb\"},\"inLanguage\":\"fr-FR\",\"potentialAction\":[{\"@type\":\"ReadAction\",\"target\":[\"https:\\\/\\\/trailpompertuzat.com\\\/?page_id=80\"]}]},{\"@type\":\"ImageObject\",\"inLanguage\":\"fr-FR\",\"@id\":\"https:\\\/\\\/trailpompertuzat.com\\\/?page_id=80#primaryimage\",\"url\":\"https:\\\/\\\/trailpompertuzat.com\\\/wp-content\\\/uploads\\\/2026\\\/02\\\/course-enfants2.jpeg\",\"contentUrl\":\"https:\\\/\\\/trailpompertuzat.com\\\/wp-content\\\/uploads\\\/2026\\\/02\\\/course-enfants2.jpeg\",\"width\":1600,\"height\":1200},{\"@type\":\"BreadcrumbList\",\"@id\":\"https:\\\/\\\/trailpompertuzat.com\\\/?page_id=80#breadcrumb\",\"itemListElement\":[{\"@type\":\"ListItem\",\"position\":1,\"name\":\"Accueil\",\"item\":\"https:\\\/\\\/trailpompertuzat.com\\\/\"},{\"@type\":\"ListItem\",\"position\":2,\"name\":\"Courses enfants\"}]},{\"@type\":\"WebSite\",\"@id\":\"https:\\\/\\\/trailpompertuzat.com\\\/#website\",\"url\":\"https:\\\/\\\/trailpompertuzat.com\\\/\",\"name\":\"Challenge du souvenir et de la paix - Trail de Pompertuzat\",\"description\":\"Trail de Pompertuzat\",\"publisher\":{\"@id\":\"https:\\\/\\\/trailpompertuzat.com\\\/#organization\"},\"potentialAction\":[{\"@type\":\"SearchAction\",\"target\":{\"@type\":\"EntryPoint\",\"urlTemplate\":\"https:\\\/\\\/trailpompertuzat.com\\\/?s={search_term_string}\"},\"query-input\":{\"@type\":\"PropertyValueSpecification\",\"valueRequired\":true,\"valueName\":\"search_term_string\"}}],\"inLanguage\":\"fr-FR\"},{\"@type\":\"Organization\",\"@id\":\"https:\\\/\\\/trailpompertuzat.com\\\/#organization\",\"name\":\"Challenge du souvenir et de la paix Pompertuzat\",\"url\":\"https:\\\/\\\/trailpompertuzat.com\\\/\",\"logo\":{\"@type\":\"ImageObject\",\"inLanguage\":\"fr-FR\",\"@id\":\"https:\\\/\\\/trailpompertuzat.com\\\/#\\\/schema\\\/logo\\\/image\\\/\",\"url\":\"http:\\\/\\\/trailpompertuzat.com\\\/wp-content\\\/uploads\\\/2026\\\/02\\\/Logo-Challenge-du-souvenir-et-de-la-paix-fond-blanc.png\",\"contentUrl\":\"http:\\\/\\\/trailpompertuzat.com\\\/wp-content\\\/uploads\\\/2026\\\/02\\\/Logo-Challenge-du-souvenir-et-de-la-paix-fond-blanc.png\",\"width\":2000,\"height\":2000,\"caption\":\"Challenge du souvenir et de la paix Pompertuzat\"},\"image\":{\"@id\":\"https:\\\/\\\/trailpompertuzat.com\\\/#\\\/schema\\\/logo\\\/image\\\/\"},\"sameAs\":[\"https:\\\/\\\/www.facebook.com\\\/groups\\\/2946963695611988\\\/\"]}]}<\/script>\n<!-- \/ Yoast SEO plugin. -->","yoast_head_json":{"title":"Courses et animations enfants \u00e0 Pompertuzat","description":"Des courses adapt\u00e9es aux plus jeunes permettent aux enfants de participer \u00e0 la f\u00eate dans un cadre s\u00e9curis\u00e9 et convivial.","robots":{"index":"index","follow":"follow","max-snippet":"max-snippet:-1","max-image-preview":"max-image-preview:large","max-video-preview":"max-video-preview:-1"},"canonical":"https:\/\/trailpompertuzat.com\/?page_id=80","og_locale":"fr_FR","og_type":"article","og_title":"Courses et animations enfants \u00e0 Pompertuzat","og_description":"Des courses adapt\u00e9es aux plus jeunes permettent aux enfants de participer \u00e0 la f\u00eate dans un cadre s\u00e9curis\u00e9 et convivial.","og_url":"https:\/\/trailpompertuzat.com\/?page_id=80","og_site_name":"Challenge du souvenir et de la paix Pompertuzat","article_publisher":"https:\/\/www.facebook.com\/groups\/2946963695611988\/","article_modified_time":"2026-03-25T10:02:36+00:00","og_image":[{"width":1600,"height":1200,"url":"https:\/\/trailpompertuzat.com\/wp-content\/uploads\/2026\/02\/course-enfants2.jpeg","type":"image\/jpeg"}],"twitter_card":"summary_large_image","twitter_misc":{"Dur\u00e9e de lecture estim\u00e9e":"2 minutes"},"schema":{"@context":"https:\/\/schema.org","@graph":[{"@type":"WebPage","@id":"https:\/\/trailpompertuzat.com\/?page_id=80","url":"https:\/\/trailpompertuzat.com\/?page_id=80","name":"Courses et animations enfants \u00e0 Pompertuzat","isPartOf":{"@id":"https:\/\/trailpompertuzat.com\/#website"},"primaryImageOfPage":{"@id":"https:\/\/trailpompertuzat.com\/?page_id=80#primaryimage"},"image":{"@id":"https:\/\/trailpompertuzat.com\/?page_id=80#primaryimage"},"thumbnailUrl":"https:\/\/trailpompertuzat.com\/wp-content\/uploads\/2026\/02\/course-enfants2.jpeg","datePublished":"2026-02-19T13:50:36+00:00","dateModified":"2026-03-25T10:02:36+00:00","description":"Des courses adapt\u00e9es aux plus jeunes permettent aux enfants de participer \u00e0 la f\u00eate dans un cadre s\u00e9curis\u00e9 et convivial.","breadcrumb":{"@id":"https:\/\/trailpompertuzat.com\/?page_id=80#breadcrumb"},"inLanguage":"fr-FR","potentialAction":[{"@type":"ReadAction","target":["https:\/\/trailpompertuzat.com\/?page_id=80"]}]},{"@type":"ImageObject","inLanguage":"fr-FR","@id":"https:\/\/trailpompertuzat.com\/?page_id=80#primaryimage","url":"https:\/\/trailpompertuzat.com\/wp-content\/uploads\/2026\/02\/course-enfants2.jpeg","contentUrl":"https:\/\/trailpompertuzat.com\/wp-content\/uploads\/2026\/02\/course-enfants2.jpeg","width":1600,"height":1200},{"@type":"BreadcrumbList","@id":"https:\/\/trailpompertuzat.com\/?page_id=80#breadcrumb","itemListElement":[{"@type":"ListItem","position":1,"name":"Accueil","item":"https:\/\/trailpompertuzat.com\/"},{"@type":"ListItem","position":2,"name":"Courses enfants"}]},{"@type":"WebSite","@id":"https:\/\/trailpompertuzat.com\/#website","url":"https:\/\/trailpompertuzat.com\/","name":"Challenge du souvenir et de la paix - Trail de Pompertuzat","description":"Trail de Pompertuzat","publisher":{"@id":"https:\/\/trailpompertuzat.com\/#organization"},"potentialAction":[{"@type":"SearchAction","target":{"@type":"EntryPoint","urlTemplate":"https:\/\/trailpompertuzat.com\/?s={search_term_string}"},"query-input":{"@type":"PropertyValueSpecification","valueRequired":true,"valueName":"search_term_string"}}],"inLanguage":"fr-FR"},{"@type":"Organization","@id":"https:\/\/trailpompertuzat.com\/#organization","name":"Challenge du souvenir et de la paix Pompertuzat","url":"https:\/\/trailpompertuzat.com\/","logo":{"@type":"ImageObject","inLanguage":"fr-FR","@id":"https:\/\/trailpompertuzat.com\/#\/schema\/logo\/image\/","url":"http:\/\/trailpompertuzat.com\/wp-content\/uploads\/2026\/02\/Logo-Challenge-du-souvenir-et-de-la-paix-fond-blanc.png","contentUrl":"http:\/\/trailpompertuzat.com\/wp-content\/uploads\/2026\/02\/Logo-Challenge-du-souvenir-et-de-la-paix-fond-blanc.png","width":2000,"height":2000,"caption":"Challenge du souvenir et de la paix Pompertuzat"},"image":{"@id":"https:\/\/trailpompertuzat.com\/#\/schema\/logo\/image\/"},"sameAs":["https:\/\/www.facebook.com\/groups\/2946963695611988\/"]}]}},"_links":{"self":[{"href":"https:\/\/trailpompertuzat.com\/index.php?rest_route=\/wp\/v2\/pages\/80","targetHints":{"allow":["GET"]}}],"collection":[{"href":"https:\/\/trailpompertuzat.com\/index.php?rest_route=\/wp\/v2\/pages"}],"about":[{"href":"https:\/\/trailpompertuzat.com\/index.php?rest_route=\/wp\/v2\/types\/page"}],"author":[{"embeddable":true,"href":"https:\/\/trailpompertuzat.com\/index.php?rest_route=\/wp\/v2\/users\/1"}],"replies":[{"embeddable":true,"href":"https:\/\/trailpompertuzat.com\/index.php?rest_route=%2Fwp%2Fv2%2Fcomments&post=80"}],"version-history":[{"count":4,"href":"https:\/\/trailpompertuzat.com\/index.php?rest_route=\/wp\/v2\/pages\/80\/revisions"}],"predecessor-version":[{"id":230,"href":"https:\/\/trailpompertuzat.com\/index.php?rest_route=\/wp\/v2\/pages\/80\/revisions\/230"}],"wp:featuredmedia":[{"embeddable":true,"href":"https:\/\/trailpompertuzat.com\/index.php?rest_route=\/wp\/v2\/media\/46"}],"wp:attachment":[{"href":"https:\/\/trailpompertuzat.com\/index.php?rest_route=%2Fwp%2Fv2%2Fmedia&parent=80"}],"curies":[{"name":"wp","href":"https:\/\/api.w.org\/{rel}","templated":true}]}}