{"id":82,"date":"2026-02-19T13:55:26","date_gmt":"2026-02-19T13:55:26","guid":{"rendered":"http:\/\/trailpompertuzat.com\/?page_id=82"},"modified":"2026-03-25T10:05:20","modified_gmt":"2026-03-25T10:05:20","slug":"partenaires","status":"publish","type":"page","link":"https:\/\/trailpompertuzat.com\/?page_id=82","title":{"rendered":"Partenaires"},"content":{"rendered":"\n<p><strong>Ils courent, ils marchent\u2026 et ils soutiennent.<\/strong><br>Derri\u00e8re chaque dossard, chaque ravitaillement et chaque sourire, il y a des partenaires engag\u00e9s qui rendent le Challenge possible.<\/p>\n\n\n\n<p>Le <strong>Challenge du Souvenir et de la Paix<\/strong>, \u00e9v\u00e9nement sportif organis\u00e9 \u00e0 <strong>Pompertuzat<\/strong>, rassemble chaque ann\u00e9e coureurs, marcheurs et familles autour des valeurs de m\u00e9moire, de solidarit\u00e9 et de sport pour tous.<\/p>\n\n\n\n<p>Cet \u00e9v\u00e9nement local ne pourrait exister sans le soutien essentiel de nos partenaires.<\/p>\n\n\n\n<p>Entreprises, commer\u00e7ants, artisans et institutions de Haute-Garonne participent activement \u00e0 la r\u00e9ussite du trail et de la marche tout public.<\/p>\n\n\n\n<hr class=\"wp-block-separator has-alpha-channel-opacity\"\/>\n\n\n\n<h2 class=\"wp-block-heading\">Des partenaires engag\u00e9s pour le sport local en Haute-Garonne<\/h2>\n\n\n\n<p>Nos partenaires partagent une vision commune : faire vivre un \u00e9v\u00e9nement sportif ancr\u00e9 dans son territoire.<\/p>\n\n\n\n<hr class=\"wp-block-separator has-alpha-channel-opacity\"\/>\n\n\n\n<h2 class=\"wp-block-heading\">Partenaires institutionnels<\/h2>\n\n\n\n<p>Les collectivit\u00e9s et institutions locales jouent un r\u00f4le cl\u00e9 dans l\u2019organisation du trail \u00e0 Pompertuzat.<\/p>\n\n\n\n<p>Leur soutien contribue \u00e0 :<\/p>\n\n\n\n<ul class=\"wp-block-list\">\n<li>La s\u00e9curit\u00e9 de l\u2019\u00e9v\u00e9nement<\/li>\n\n\n\n<li>L\u2019encadrement des parcours<\/li>\n\n\n\n<li>La logistique g\u00e9n\u00e9rale<\/li>\n<\/ul>\n\n\n\n<div class=\"wp-block-columns is-layout-flex wp-container-core-columns-is-layout-28f84493 wp-block-columns-is-layout-flex\">\n<div class=\"wp-block-column is-layout-flow wp-block-column-is-layout-flow\" style=\"flex-basis:66.66%\">\n<p><strong><a href=\"https:\/\/www.mairie-pompertuzat.fr\/\" type=\"link\" id=\"https:\/\/www.mairie-pompertuzat.fr\/\" target=\"_blank\" rel=\"noreferrer noopener\">La Mairie de Pompertuzat : <\/a><\/strong><\/p>\n\n\n\n<p><\/p>\n<\/div>\n\n\n\n<div class=\"wp-block-column is-layout-flow wp-block-column-is-layout-flow\" style=\"flex-basis:33.33%\">\n<figure class=\"wp-block-image size-full\"><a href=\"https:\/\/www.mairie-pompertuzat.fr\/\" target=\"_blank\" rel=\" noreferrer noopener\"><img loading=\"lazy\" decoding=\"async\" width=\"146\" height=\"150\" src=\"https:\/\/trailpompertuzat.com\/wp-content\/uploads\/2026\/02\/logo-pompertuzat.jpg\" alt=\"\" class=\"wp-image-163\" style=\"aspect-ratio:1;object-fit:cover\"\/><\/a><\/figure>\n<\/div>\n<\/div>\n\n\n\n<div class=\"wp-block-columns is-layout-flex wp-container-core-columns-is-layout-28f84493 wp-block-columns-is-layout-flex\">\n<div class=\"wp-block-column is-layout-flow wp-block-column-is-layout-flow\" style=\"flex-basis:66.66%\">\n<p><strong><a href=\"https:\/\/www.sicoval.fr\/destination-sud-est-toulousain\/\" target=\"_blank\" rel=\"noreferrer noopener\">La destination Sud-Est Toulousain : <\/a><\/strong><\/p>\n\n\n\n<p><\/p>\n<\/div>\n\n\n\n<div class=\"wp-block-column is-layout-flow wp-block-column-is-layout-flow\" style=\"flex-basis:33.33%\">\n<figure class=\"wp-block-image size-full is-resized\"><a href=\"https:\/\/www.sicoval.fr\/destination-sud-est-toulousain\/\" target=\"_blank\" rel=\" noreferrer noopener\"><img loading=\"lazy\" decoding=\"async\" width=\"188\" height=\"268\" src=\"https:\/\/trailpompertuzat.com\/wp-content\/uploads\/2026\/02\/Sud-Est-Toulousain.png\" alt=\"\" class=\"wp-image-169\" style=\"aspect-ratio:1;object-fit:cover;width:210px;height:auto\"\/><\/a><\/figure>\n<\/div>\n<\/div>\n\n\n\n<hr class=\"wp-block-separator has-alpha-channel-opacity\"\/>\n\n\n\n<h2 class=\"wp-block-heading\">Entreprises et commer\u00e7ants partenaires<\/h2>\n\n\n\n<div class=\"wp-block-columns is-layout-flex wp-container-core-columns-is-layout-28f84493 wp-block-columns-is-layout-flex\">\n<div class=\"wp-block-column is-layout-flow wp-block-column-is-layout-flow\" style=\"flex-basis:66.66%\">\n<p><strong><a href=\"https:\/\/www.decathlon.fr\/store-view\/magasin-de-sports-toulouse-escalquens-0070018800188\" target=\"_blank\" rel=\"noreferrer noopener\">Decathlon Escalquens : <\/a><\/strong><\/p>\n\n\n\n<p><\/p>\n<\/div>\n\n\n\n<div class=\"wp-block-column is-layout-flow wp-block-column-is-layout-flow\" style=\"flex-basis:33.33%\">\n<figure class=\"wp-block-image size-full is-resized\"><a href=\"https:\/\/www.decathlon.fr\/store-view\/magasin-de-sports-toulouse-escalquens-0070018800188\" target=\"_blank\" rel=\" noreferrer noopener\"><img loading=\"lazy\" decoding=\"async\" width=\"1221\" height=\"1221\" src=\"https:\/\/trailpompertuzat.com\/wp-content\/uploads\/2026\/02\/DECATHLON-ESCALQUENS-LOGO.png\" alt=\"\" class=\"wp-image-164\" style=\"aspect-ratio:1;object-fit:cover;width:186px;height:auto\" srcset=\"https:\/\/trailpompertuzat.com\/wp-content\/uploads\/2026\/02\/DECATHLON-ESCALQUENS-LOGO.png 1221w, https:\/\/trailpompertuzat.com\/wp-content\/uploads\/2026\/02\/DECATHLON-ESCALQUENS-LOGO-300x300.png 300w, https:\/\/trailpompertuzat.com\/wp-content\/uploads\/2026\/02\/DECATHLON-ESCALQUENS-LOGO-1024x1024.png 1024w, https:\/\/trailpompertuzat.com\/wp-content\/uploads\/2026\/02\/DECATHLON-ESCALQUENS-LOGO-150x150.png 150w, https:\/\/trailpompertuzat.com\/wp-content\/uploads\/2026\/02\/DECATHLON-ESCALQUENS-LOGO-768x768.png 768w\" sizes=\"auto, (max-width: 1221px) 100vw, 1221px\" \/><\/a><\/figure>\n<\/div>\n<\/div>\n\n\n\n<div class=\"wp-block-columns is-layout-flex wp-container-core-columns-is-layout-28f84493 wp-block-columns-is-layout-flex\">\n<div class=\"wp-block-column is-layout-flow wp-block-column-is-layout-flow\" style=\"flex-basis:66.66%\">\n<p><strong><a href=\"https:\/\/www.intermarche.com\/magasins\/08566\/pompertuzat-31450\/infos-pratiques?srsltid=AfmBOopguGLGrWCS06Q0DGedwChLzYgZ5_kV3ELeOO2h8qLxPQ_NY6F_\" target=\"_blank\" rel=\"noreferrer noopener\">Intermarch\u00e9 Pompertuzat : <\/a><\/strong><\/p>\n\n\n\n<p><\/p>\n<\/div>\n\n\n\n<div class=\"wp-block-column is-layout-flow wp-block-column-is-layout-flow\" style=\"flex-basis:33.33%\">\n<figure class=\"wp-block-image size-full is-resized\"><a href=\"https:\/\/www.intermarche.com\/magasins\/08566\/pompertuzat-31450\/infos-pratiques?srsltid=AfmBOopguGLGrWCS06Q0DGedwChLzYgZ5_kV3ELeOO2h8qLxPQ_NY6F_\" target=\"_blank\" rel=\" noreferrer noopener\"><img loading=\"lazy\" decoding=\"async\" width=\"521\" height=\"97\" src=\"https:\/\/trailpompertuzat.com\/wp-content\/uploads\/2026\/02\/intermarche-pompertuzat.png\" alt=\"\" class=\"wp-image-157\" style=\"aspect-ratio:1;object-fit:contain;width:217px;height:auto\" srcset=\"https:\/\/trailpompertuzat.com\/wp-content\/uploads\/2026\/02\/intermarche-pompertuzat.png 521w, https:\/\/trailpompertuzat.com\/wp-content\/uploads\/2026\/02\/intermarche-pompertuzat-300x56.png 300w\" sizes=\"auto, (max-width: 521px) 100vw, 521px\" \/><\/a><\/figure>\n<\/div>\n<\/div>\n\n\n\n<div class=\"wp-block-columns is-layout-flex wp-container-core-columns-is-layout-28f84493 wp-block-columns-is-layout-flex\">\n<div class=\"wp-block-column is-layout-flow wp-block-column-is-layout-flow\" style=\"flex-basis:66.66%\">\n<p><strong><a href=\"https:\/\/www.mcdonalds.fr\/restaurants\/mcdonalds-castanet\/958\" target=\"_blank\" rel=\"noreferrer noopener\">Mc Donald&rsquo;s Castanet-Tolosan : <\/a><\/strong><\/p>\n\n\n\n<p><\/p>\n<\/div>\n\n\n\n<div class=\"wp-block-column is-layout-flow wp-block-column-is-layout-flow\" style=\"flex-basis:33.33%\">\n<figure class=\"wp-block-image size-full is-resized\"><a href=\"https:\/\/www.mcdonalds.fr\/restaurants\/mcdonalds-castanet\/958\" target=\"_blank\" rel=\" noreferrer noopener\"><img loading=\"lazy\" decoding=\"async\" width=\"225\" height=\"225\" src=\"https:\/\/trailpompertuzat.com\/wp-content\/uploads\/2026\/02\/mcdo-castanet.png\" alt=\"\" class=\"wp-image-153\" style=\"object-fit:cover;width:206px;height:auto\" srcset=\"https:\/\/trailpompertuzat.com\/wp-content\/uploads\/2026\/02\/mcdo-castanet.png 225w, https:\/\/trailpompertuzat.com\/wp-content\/uploads\/2026\/02\/mcdo-castanet-150x150.png 150w\" sizes=\"auto, (max-width: 225px) 100vw, 225px\" \/><\/a><\/figure>\n<\/div>\n<\/div>\n\n\n\n<div class=\"wp-block-columns is-layout-flex wp-container-core-columns-is-layout-28f84493 wp-block-columns-is-layout-flex\">\n<div class=\"wp-block-column is-layout-flow wp-block-column-is-layout-flow\" style=\"flex-basis:66.66%\">\n<p><strong><a href=\"https:\/\/www.ladepeche.fr\/\" target=\"_blank\" rel=\"noreferrer noopener\">La D\u00e9p\u00eache du Midi : <\/a><\/strong><\/p>\n\n\n\n<p><\/p>\n<\/div>\n\n\n\n<div class=\"wp-block-column is-layout-flow wp-block-column-is-layout-flow\" style=\"flex-basis:33.33%\">\n<figure class=\"wp-block-image size-full is-resized\"><a href=\"https:\/\/www.ladepeche.fr\/\" target=\"_blank\" rel=\" noreferrer noopener\"><img loading=\"lazy\" decoding=\"async\" width=\"2560\" height=\"781\" src=\"https:\/\/trailpompertuzat.com\/wp-content\/uploads\/2026\/02\/Logo_La_Depeche.png\" alt=\"\" class=\"wp-image-160\" style=\"aspect-ratio:1;object-fit:contain;width:206px;height:auto\" srcset=\"https:\/\/trailpompertuzat.com\/wp-content\/uploads\/2026\/02\/Logo_La_Depeche.png 2560w, https:\/\/trailpompertuzat.com\/wp-content\/uploads\/2026\/02\/Logo_La_Depeche-300x92.png 300w, https:\/\/trailpompertuzat.com\/wp-content\/uploads\/2026\/02\/Logo_La_Depeche-1024x312.png 1024w, https:\/\/trailpompertuzat.com\/wp-content\/uploads\/2026\/02\/Logo_La_Depeche-768x234.png 768w, https:\/\/trailpompertuzat.com\/wp-content\/uploads\/2026\/02\/Logo_La_Depeche-1536x469.png 1536w, https:\/\/trailpompertuzat.com\/wp-content\/uploads\/2026\/02\/Logo_La_Depeche-2048x625.png 2048w\" sizes=\"auto, (max-width: 2560px) 100vw, 2560px\" \/><\/a><\/figure>\n<\/div>\n<\/div>\n\n\n\n<p><\/p>\n\n\n\n<hr class=\"wp-block-separator has-alpha-channel-opacity\"\/>\n\n\n\n<h2 class=\"wp-block-heading\">Pourquoi devenir partenaire d\u2019un \u00e9v\u00e9nement sportif \u00e0 Pompertuzat ?<\/h2>\n\n\n\n<p>Associer son entreprise au Challenge du Souvenir et de la Paix permet de :<\/p>\n\n\n\n<ul class=\"wp-block-list\">\n<li>B\u00e9n\u00e9ficier d\u2019une visibilit\u00e9 locale cibl\u00e9e<\/li>\n\n\n\n<li>Valoriser son engagement territorial<\/li>\n\n\n\n<li>Participer \u00e0 la dynamique \u00e9conomique de Pompertuzat et ses environs<\/li>\n\n\n\n<li>Renforcer son image autour du sport et des valeurs humaines<\/li>\n\n\n\n<li>Toucher un public familial et sportif en Haute-Garonne<\/li>\n\n\n\n<li>Encourager la pratique du trail et de la marche<\/li>\n<\/ul>\n\n\n\n<hr class=\"wp-block-separator has-alpha-channel-opacity\"\/>\n\n\n\n<h2 class=\"wp-block-heading\">Devenir partenaire du Challenge du Souvenir et de la Paix<\/h2>\n\n\n\n<p>Vous \u00eates une entreprise en Haute-Garonne et souhaitez soutenir un \u00e9v\u00e9nement sportif local \u00e0 Pompertuzat ?<\/p>\n\n\n\n<p>Nous proposons plusieurs formules de partenariat adapt\u00e9es \u00e0 toutes les structures.<\/p>\n\n\n\n<p>\ud83d\udc49 <strong>Contactez-nous pour recevoir notre dossier partenaire : <a href=\"mailto:challengepompertuzat31@gmail.com\" target=\"_blank\" rel=\"noreferrer noopener\">challengepompertuzat31@gmail.com<\/a>.<\/strong><\/p>\n","protected":false},"excerpt":{"rendered":"<p>Ils courent, ils marchent\u2026 et ils soutiennent.Derri\u00e8re chaque dossard, chaque ravitaillement et chaque sourire, il y a des partenaires engag\u00e9s qui rendent le Challenge possible. Le Challenge du Souvenir et de la Paix, \u00e9v\u00e9nement sportif organis\u00e9 \u00e0 Pompertuzat, rassemble chaque ann\u00e9e coureurs, marcheurs et familles autour des valeurs de m\u00e9moire, de solidarit\u00e9 et de sport [&hellip;]<\/p>\n","protected":false},"author":1,"featured_media":15,"parent":0,"menu_order":0,"comment_status":"closed","ping_status":"closed","template":"","meta":{"footnotes":""},"class_list":["post-82","page","type-page","status-publish","has-post-thumbnail","hentry"],"yoast_head":"<!-- This site is optimized with the Yoast SEO plugin v27.3 - https:\/\/yoast.com\/product\/yoast-seo-wordpress\/ -->\n<title>Partenaires | Challenge du Souvenir et de la Paix \u2013 Pompertuzat<\/title>\n<meta name=\"description\" content=\"D\u00e9couvrez les partenaires du Challenge du Souvenir et de la Paix, trail et marche \u00e0 Pompertuzat dans le sud-est toulousain en Haute-Garonne.\" \/>\n<meta name=\"robots\" content=\"index, follow, max-snippet:-1, max-image-preview:large, max-video-preview:-1\" \/>\n<link rel=\"canonical\" href=\"https:\/\/trailpompertuzat.com\/?page_id=82\" \/>\n<meta property=\"og:locale\" content=\"fr_FR\" \/>\n<meta property=\"og:type\" content=\"article\" \/>\n<meta property=\"og:title\" content=\"Partenaires | Challenge du Souvenir et de la Paix \u2013 Pompertuzat\" \/>\n<meta property=\"og:description\" content=\"D\u00e9couvrez les partenaires du Challenge du Souvenir et de la Paix, trail et marche \u00e0 Pompertuzat dans le sud-est toulousain en Haute-Garonne.\" \/>\n<meta property=\"og:url\" content=\"https:\/\/trailpompertuzat.com\/?page_id=82\" \/>\n<meta property=\"og:site_name\" content=\"Challenge du souvenir et de la paix Pompertuzat\" \/>\n<meta property=\"article:publisher\" content=\"https:\/\/www.facebook.com\/groups\/2946963695611988\/\" \/>\n<meta property=\"article:modified_time\" content=\"2026-03-25T10:05:20+00:00\" \/>\n<meta property=\"og:image\" content=\"https:\/\/trailpompertuzat.com\/wp-content\/uploads\/2026\/02\/509425500_10162848573739636_312606306581076842_n.jpg\" \/>\n\t<meta property=\"og:image:width\" content=\"1000\" \/>\n\t<meta property=\"og:image:height\" content=\"666\" \/>\n\t<meta property=\"og:image:type\" content=\"image\/jpeg\" \/>\n<meta name=\"twitter:card\" content=\"summary_large_image\" \/>\n<meta name=\"twitter:label1\" content=\"Dur\u00e9e de lecture estim\u00e9e\" \/>\n\t<meta name=\"twitter:data1\" content=\"3 minutes\" \/>\n<script type=\"application\/ld+json\" class=\"yoast-schema-graph\">{\"@context\":\"https:\\\/\\\/schema.org\",\"@graph\":[{\"@type\":\"WebPage\",\"@id\":\"https:\\\/\\\/trailpompertuzat.com\\\/?page_id=82\",\"url\":\"https:\\\/\\\/trailpompertuzat.com\\\/?page_id=82\",\"name\":\"Partenaires | Challenge du Souvenir et de la Paix \u2013 Pompertuzat\",\"isPartOf\":{\"@id\":\"https:\\\/\\\/trailpompertuzat.com\\\/#website\"},\"primaryImageOfPage\":{\"@id\":\"https:\\\/\\\/trailpompertuzat.com\\\/?page_id=82#primaryimage\"},\"image\":{\"@id\":\"https:\\\/\\\/trailpompertuzat.com\\\/?page_id=82#primaryimage\"},\"thumbnailUrl\":\"https:\\\/\\\/trailpompertuzat.com\\\/wp-content\\\/uploads\\\/2026\\\/02\\\/509425500_10162848573739636_312606306581076842_n.jpg\",\"datePublished\":\"2026-02-19T13:55:26+00:00\",\"dateModified\":\"2026-03-25T10:05:20+00:00\",\"description\":\"D\u00e9couvrez les partenaires du Challenge du Souvenir et de la Paix, trail et marche \u00e0 Pompertuzat dans le sud-est toulousain en Haute-Garonne.\",\"breadcrumb\":{\"@id\":\"https:\\\/\\\/trailpompertuzat.com\\\/?page_id=82#breadcrumb\"},\"inLanguage\":\"fr-FR\",\"potentialAction\":[{\"@type\":\"ReadAction\",\"target\":[\"https:\\\/\\\/trailpompertuzat.com\\\/?page_id=82\"]}]},{\"@type\":\"ImageObject\",\"inLanguage\":\"fr-FR\",\"@id\":\"https:\\\/\\\/trailpompertuzat.com\\\/?page_id=82#primaryimage\",\"url\":\"https:\\\/\\\/trailpompertuzat.com\\\/wp-content\\\/uploads\\\/2026\\\/02\\\/509425500_10162848573739636_312606306581076842_n.jpg\",\"contentUrl\":\"https:\\\/\\\/trailpompertuzat.com\\\/wp-content\\\/uploads\\\/2026\\\/02\\\/509425500_10162848573739636_312606306581076842_n.jpg\",\"width\":1000,\"height\":666},{\"@type\":\"BreadcrumbList\",\"@id\":\"https:\\\/\\\/trailpompertuzat.com\\\/?page_id=82#breadcrumb\",\"itemListElement\":[{\"@type\":\"ListItem\",\"position\":1,\"name\":\"Accueil\",\"item\":\"https:\\\/\\\/trailpompertuzat.com\\\/\"},{\"@type\":\"ListItem\",\"position\":2,\"name\":\"Partenaires\"}]},{\"@type\":\"WebSite\",\"@id\":\"https:\\\/\\\/trailpompertuzat.com\\\/#website\",\"url\":\"https:\\\/\\\/trailpompertuzat.com\\\/\",\"name\":\"Challenge du souvenir et de la paix - Trail de Pompertuzat\",\"description\":\"Trail de Pompertuzat\",\"publisher\":{\"@id\":\"https:\\\/\\\/trailpompertuzat.com\\\/#organization\"},\"potentialAction\":[{\"@type\":\"SearchAction\",\"target\":{\"@type\":\"EntryPoint\",\"urlTemplate\":\"https:\\\/\\\/trailpompertuzat.com\\\/?s={search_term_string}\"},\"query-input\":{\"@type\":\"PropertyValueSpecification\",\"valueRequired\":true,\"valueName\":\"search_term_string\"}}],\"inLanguage\":\"fr-FR\"},{\"@type\":\"Organization\",\"@id\":\"https:\\\/\\\/trailpompertuzat.com\\\/#organization\",\"name\":\"Challenge du souvenir et de la paix Pompertuzat\",\"url\":\"https:\\\/\\\/trailpompertuzat.com\\\/\",\"logo\":{\"@type\":\"ImageObject\",\"inLanguage\":\"fr-FR\",\"@id\":\"https:\\\/\\\/trailpompertuzat.com\\\/#\\\/schema\\\/logo\\\/image\\\/\",\"url\":\"http:\\\/\\\/trailpompertuzat.com\\\/wp-content\\\/uploads\\\/2026\\\/02\\\/Logo-Challenge-du-souvenir-et-de-la-paix-fond-blanc.png\",\"contentUrl\":\"http:\\\/\\\/trailpompertuzat.com\\\/wp-content\\\/uploads\\\/2026\\\/02\\\/Logo-Challenge-du-souvenir-et-de-la-paix-fond-blanc.png\",\"width\":2000,\"height\":2000,\"caption\":\"Challenge du souvenir et de la paix Pompertuzat\"},\"image\":{\"@id\":\"https:\\\/\\\/trailpompertuzat.com\\\/#\\\/schema\\\/logo\\\/image\\\/\"},\"sameAs\":[\"https:\\\/\\\/www.facebook.com\\\/groups\\\/2946963695611988\\\/\"]}]}<\/script>\n<!-- \/ Yoast SEO plugin. -->","yoast_head_json":{"title":"Partenaires | Challenge du Souvenir et de la Paix \u2013 Pompertuzat","description":"D\u00e9couvrez les partenaires du Challenge du Souvenir et de la Paix, trail et marche \u00e0 Pompertuzat dans le sud-est toulousain en Haute-Garonne.","robots":{"index":"index","follow":"follow","max-snippet":"max-snippet:-1","max-image-preview":"max-image-preview:large","max-video-preview":"max-video-preview:-1"},"canonical":"https:\/\/trailpompertuzat.com\/?page_id=82","og_locale":"fr_FR","og_type":"article","og_title":"Partenaires | Challenge du Souvenir et de la Paix \u2013 Pompertuzat","og_description":"D\u00e9couvrez les partenaires du Challenge du Souvenir et de la Paix, trail et marche \u00e0 Pompertuzat dans le sud-est toulousain en Haute-Garonne.","og_url":"https:\/\/trailpompertuzat.com\/?page_id=82","og_site_name":"Challenge du souvenir et de la paix Pompertuzat","article_publisher":"https:\/\/www.facebook.com\/groups\/2946963695611988\/","article_modified_time":"2026-03-25T10:05:20+00:00","og_image":[{"width":1000,"height":666,"url":"https:\/\/trailpompertuzat.com\/wp-content\/uploads\/2026\/02\/509425500_10162848573739636_312606306581076842_n.jpg","type":"image\/jpeg"}],"twitter_card":"summary_large_image","twitter_misc":{"Dur\u00e9e de lecture estim\u00e9e":"3 minutes"},"schema":{"@context":"https:\/\/schema.org","@graph":[{"@type":"WebPage","@id":"https:\/\/trailpompertuzat.com\/?page_id=82","url":"https:\/\/trailpompertuzat.com\/?page_id=82","name":"Partenaires | Challenge du Souvenir et de la Paix \u2013 Pompertuzat","isPartOf":{"@id":"https:\/\/trailpompertuzat.com\/#website"},"primaryImageOfPage":{"@id":"https:\/\/trailpompertuzat.com\/?page_id=82#primaryimage"},"image":{"@id":"https:\/\/trailpompertuzat.com\/?page_id=82#primaryimage"},"thumbnailUrl":"https:\/\/trailpompertuzat.com\/wp-content\/uploads\/2026\/02\/509425500_10162848573739636_312606306581076842_n.jpg","datePublished":"2026-02-19T13:55:26+00:00","dateModified":"2026-03-25T10:05:20+00:00","description":"D\u00e9couvrez les partenaires du Challenge du Souvenir et de la Paix, trail et marche \u00e0 Pompertuzat dans le sud-est toulousain en Haute-Garonne.","breadcrumb":{"@id":"https:\/\/trailpompertuzat.com\/?page_id=82#breadcrumb"},"inLanguage":"fr-FR","potentialAction":[{"@type":"ReadAction","target":["https:\/\/trailpompertuzat.com\/?page_id=82"]}]},{"@type":"ImageObject","inLanguage":"fr-FR","@id":"https:\/\/trailpompertuzat.com\/?page_id=82#primaryimage","url":"https:\/\/trailpompertuzat.com\/wp-content\/uploads\/2026\/02\/509425500_10162848573739636_312606306581076842_n.jpg","contentUrl":"https:\/\/trailpompertuzat.com\/wp-content\/uploads\/2026\/02\/509425500_10162848573739636_312606306581076842_n.jpg","width":1000,"height":666},{"@type":"BreadcrumbList","@id":"https:\/\/trailpompertuzat.com\/?page_id=82#breadcrumb","itemListElement":[{"@type":"ListItem","position":1,"name":"Accueil","item":"https:\/\/trailpompertuzat.com\/"},{"@type":"ListItem","position":2,"name":"Partenaires"}]},{"@type":"WebSite","@id":"https:\/\/trailpompertuzat.com\/#website","url":"https:\/\/trailpompertuzat.com\/","name":"Challenge du souvenir et de la paix - Trail de Pompertuzat","description":"Trail de Pompertuzat","publisher":{"@id":"https:\/\/trailpompertuzat.com\/#organization"},"potentialAction":[{"@type":"SearchAction","target":{"@type":"EntryPoint","urlTemplate":"https:\/\/trailpompertuzat.com\/?s={search_term_string}"},"query-input":{"@type":"PropertyValueSpecification","valueRequired":true,"valueName":"search_term_string"}}],"inLanguage":"fr-FR"},{"@type":"Organization","@id":"https:\/\/trailpompertuzat.com\/#organization","name":"Challenge du souvenir et de la paix Pompertuzat","url":"https:\/\/trailpompertuzat.com\/","logo":{"@type":"ImageObject","inLanguage":"fr-FR","@id":"https:\/\/trailpompertuzat.com\/#\/schema\/logo\/image\/","url":"http:\/\/trailpompertuzat.com\/wp-content\/uploads\/2026\/02\/Logo-Challenge-du-souvenir-et-de-la-paix-fond-blanc.png","contentUrl":"http:\/\/trailpompertuzat.com\/wp-content\/uploads\/2026\/02\/Logo-Challenge-du-souvenir-et-de-la-paix-fond-blanc.png","width":2000,"height":2000,"caption":"Challenge du souvenir et de la paix Pompertuzat"},"image":{"@id":"https:\/\/trailpompertuzat.com\/#\/schema\/logo\/image\/"},"sameAs":["https:\/\/www.facebook.com\/groups\/2946963695611988\/"]}]}},"_links":{"self":[{"href":"https:\/\/trailpompertuzat.com\/index.php?rest_route=\/wp\/v2\/pages\/82","targetHints":{"allow":["GET"]}}],"collection":[{"href":"https:\/\/trailpompertuzat.com\/index.php?rest_route=\/wp\/v2\/pages"}],"about":[{"href":"https:\/\/trailpompertuzat.com\/index.php?rest_route=\/wp\/v2\/types\/page"}],"author":[{"embeddable":true,"href":"https:\/\/trailpompertuzat.com\/index.php?rest_route=\/wp\/v2\/users\/1"}],"replies":[{"embeddable":true,"href":"https:\/\/trailpompertuzat.com\/index.php?rest_route=%2Fwp%2Fv2%2Fcomments&post=82"}],"version-history":[{"count":5,"href":"https:\/\/trailpompertuzat.com\/index.php?rest_route=\/wp\/v2\/pages\/82\/revisions"}],"predecessor-version":[{"id":274,"href":"https:\/\/trailpompertuzat.com\/index.php?rest_route=\/wp\/v2\/pages\/82\/revisions\/274"}],"wp:featuredmedia":[{"embeddable":true,"href":"https:\/\/trailpompertuzat.com\/index.php?rest_route=\/wp\/v2\/media\/15"}],"wp:attachment":[{"href":"https:\/\/trailpompertuzat.com\/index.php?rest_route=%2Fwp%2Fv2%2Fmedia&parent=82"}],"curies":[{"name":"wp","href":"https:\/\/api.w.org\/{rel}","templated":true}]}}